{"id":177,"date":"2024-02-14T17:13:34","date_gmt":"2024-02-14T17:13:34","guid":{"rendered":"https:\/\/likealights.com\/?page_id=177"},"modified":"2026-02-28T11:41:21","modified_gmt":"2026-02-28T10:41:21","slug":"blog-home","status":"publish","type":"page","link":"https:\/\/likealights.com\/cs\/blog-home\/","title":{"rendered":"Blog Home"},"content":{"rendered":"<div data-elementor-type=\"wp-page\" data-elementor-id=\"177\" class=\"elementor elementor-177\">\n\t\t\t\t<div class=\"elementor-element elementor-element-166f9bba e-flex e-con-boxed e-con e-parent\" data-id=\"166f9bba\" data-element_type=\"container\" data-e-type=\"container\" data-settings=\"{&quot;background_background&quot;:&quot;classic&quot;}\">\n\t\t\t\t\t<div class=\"e-con-inner\">\n\t\t\t\t<div class=\"elementor-element elementor-element-4fd4bc2 meta-visibility-show section-title-style-style1 title_position_default title_hover_border_default title-default img_hover_animation_default meta_position_default readmore-btn-default-style grid-hover-overlay-type-always tpg-el-box-border-enable tpg-border-bottom-disable elementor-widget elementor-widget-tpg-grid-layout\" data-id=\"4fd4bc2\" data-element_type=\"widget\" data-e-type=\"widget\" data-widget_type=\"tpg-grid-layout.default\">\n\t\t\t\t<div class=\"elementor-widget-container\">\n\t\t\t\t\t\t\t<div class=\"rt-container-fluid rt-tpg-container tpg-el-main-wrapper clearfix grid-layout4-main\"\n\t\t\t id=\"rt-tpg-container-2990162562\"\n\t\t\t data-layout=\"grid-layout4\"\n\t\t\t data-grid-style=\"tpg-full-height\"\n\t\t\t data-sc-id=\"elementor\"\n\t\t\t data-el-settings=''\n\t\t\t data-el-query=''\n\t\t\t data-el-path=''\n\t\t>\n\t\t\t\t\t\t<div class='tpg-header-wrapper'>\n\t\t\t\t\n        <div class=\"tpg-widget-heading-wrapper rt-clear heading-style1\">\n            <span class=\"tpg-widget-heading-line line-left\"><\/span>\n\t\t\t<h2 class='tpg-widget-heading'>\n\t\t\t\n\t\t\t\t                    <span>\n\t\t\t\t\t\tBLOG HOME\t\t\t\t\t<\/span>\n\t\t\t\t\t\n\t\t\t\t\t\t\t<\/h2>            <span class=\"tpg-widget-heading-line line-right\"><\/span>\n\n\t\t\t\n        <\/div>\n\n\t\t\n\t\t\t\t\t<\/div>\n\n\t\t\t<div data-title=\"Loading ...\" class=\"rt-row rt-content-loader grid-layout4 grid-behaviour tpg-full-height grid_layout_wrapper\">\n\t\t\t\t\n<div class=\"rt-col-md-4 rt-col-sm-6 rt-col-xs-12 default rt-grid-item\" data-id=\"744\">\n\t<div class=\"rt-holder tpg-post-holder\">\n\t\t<div class=\"rt-detail rt-el-content-wrapper\">\n\t\t\t\t\t\t\t<div class=\"rt-img-holder tpg-el-image-wrap has-thumbnail\">\n\t\t\t\t\t<a data-id=\"744\" href=\"https:\/\/likealights.com\/cs\/how-to-set-up-a-google-ads-account-a-complete-guide\/\" class=\"tpg-post-link\" target=\"_self\">                        <img fetchpriority=\"high\" decoding=\"async\" src=\"https:\/\/likealights.com\/wp-content\/uploads\/2024\/01\/pexels-caio-67112-768x511.jpg\"\n                             class=\"rt-img-responsive\"\n                             width=\"768\"\n                             height=\"511\"\n                             alt=\"Google Ads Image\">\n\t\t\t\t\t\t\n\t\t\t\t\t\t\t\n\t\t<\/a>\n\t\t        <div class=\"overlay grid-hover-content\"><\/div>\n\t\t\t\t\t\t<\/div>\n\t\t\t\n\t\t\t<div class=\"entry-title-wrapper\"><h3 class=\"entry-title\"><a data-id=\"744\" href=\"https:\/\/likealights.com\/cs\/how-to-set-up-a-google-ads-account-a-complete-guide\/\" class=\"tpg-post-link\" target=\"_self\">Jak nastavit Google Ads \u00fa\u010det: Kompletn\u00ed pr\u016fvodce<\/a><\/h3><\/div>\n\t\t\t\t\t\t\t<div class=\"post-meta-tags rt-el-post-meta\">\n\t\t\t\t\t            <span class='date'>\n\t\t\t\t<i class='far fa-calendar-alt'><\/i>\t\t\t\t                    <a href=\"https:\/\/likealights.com\/cs\/2024\/10\/03\/\">\n\t\t\t\t\t3 \u0159\u00edjna, 2024\t\t\t\t<\/a>\n\t\t\t\t\t\t\t<\/span>\n\t\t\t\t\t\t\t<\/div>\n\t\t\t\n\t\t\t\t\t\t\t<div class=\"tpg-excerpt tpg-el-excerpt\">\n\t\t\t\t\t\t\t\t\t\t\t<div class=\"tpg-excerpt-inner\">\n\t\t\t\t\t\t\tHow to Set Up a Google Ads Account: A Complete Guide Creating and setting up a Google Ads account is a key step for anyone looking to reach potential customers online. Google Ads (formerly Google...\t\t\t\t\t\t<\/div>\n\t\t\t\t\t\t\t\t\t\t\t\t\t\t<\/div>\n\t\t\t\n\t\t\t        <div class=\"post-footer\">\n            <div class=\"post-footer\">\n                <div class=\"read-more\">\n\t\t\t\t\t<a data-id=\"744\" href=\"https:\/\/likealights.com\/cs\/how-to-set-up-a-google-ads-account-a-complete-guide\/\" class=\"tpg-post-link\" target=\"_self\">V\u00edce<\/a>                <\/div>\n            <\/div>\n        <\/div>\n\t\t\t\t<\/div>\n\t<\/div>\n<\/div>\n\n<div class=\"rt-col-md-4 rt-col-sm-6 rt-col-xs-12 default rt-grid-item\" data-id=\"341\">\n\t<div class=\"rt-holder tpg-post-holder\">\n\t\t<div class=\"rt-detail rt-el-content-wrapper\">\n\t\t\t\t\t\t\t<div class=\"rt-img-holder tpg-el-image-wrap has-thumbnail\">\n\t\t\t\t\t<a data-id=\"341\" href=\"https:\/\/likealights.com\/cs\/unlocking-the-power-of-google-ads-editor-your-ultimate-guide\/\" class=\"tpg-post-link\" target=\"_self\">                        <img decoding=\"async\" src=\"https:\/\/likealights.com\/wp-content\/uploads\/2024\/03\/pexels-bastian-riccardi-15406292-768x432.jpg\"\n                             class=\"rt-img-responsive\"\n                             width=\"768\"\n                             height=\"432\"\n                             alt=\"google image 5\">\n\t\t\t\t\t\t\n\t\t\t\t\t\t\t\n\t\t<\/a>\n\t\t        <div class=\"overlay grid-hover-content\"><\/div>\n\t\t\t\t\t\t<\/div>\n\t\t\t\n\t\t\t<div class=\"entry-title-wrapper\"><h3 class=\"entry-title\"><a data-id=\"341\" href=\"https:\/\/likealights.com\/cs\/unlocking-the-power-of-google-ads-editor-your-ultimate-guide\/\" class=\"tpg-post-link\" target=\"_self\">Odemkn\u011bte s\u00edlu Google Ads Editoru: V\u00e1\u0161 dokonal\u00fd pr\u016fvodce<\/a><\/h3><\/div>\n\t\t\t\t\t\t\t<div class=\"post-meta-tags rt-el-post-meta\">\n\t\t\t\t\t            <span class='date'>\n\t\t\t\t<i class='far fa-calendar-alt'><\/i>\t\t\t\t                    <a href=\"https:\/\/likealights.com\/cs\/2024\/03\/03\/\">\n\t\t\t\t\t3 b\u0159ezna, 2024\t\t\t\t<\/a>\n\t\t\t\t\t\t\t<\/span>\n\t\t\t\t\t\t\t<\/div>\n\t\t\t\n\t\t\t\t\t\t\t<div class=\"tpg-excerpt tpg-el-excerpt\">\n\t\t\t\t\t\t\t\t\t\t\t<div class=\"tpg-excerpt-inner\">\n\t\t\t\t\t\t\tIntroduction: Google Ads Editor is a robust tool designed to simplify and streamline the management of Google Ads campaigns. This powerful platform offers a range of features that enable advertisers...\t\t\t\t\t\t<\/div>\n\t\t\t\t\t\t\t\t\t\t\t\t\t\t<\/div>\n\t\t\t\n\t\t\t        <div class=\"post-footer\">\n            <div class=\"post-footer\">\n                <div class=\"read-more\">\n\t\t\t\t\t<a data-id=\"341\" href=\"https:\/\/likealights.com\/cs\/unlocking-the-power-of-google-ads-editor-your-ultimate-guide\/\" class=\"tpg-post-link\" target=\"_self\">V\u00edce<\/a>                <\/div>\n            <\/div>\n        <\/div>\n\t\t\t\t<\/div>\n\t<\/div>\n<\/div>\n\n<div class=\"rt-col-md-4 rt-col-sm-6 rt-col-xs-12 default rt-grid-item\" data-id=\"334\">\n\t<div class=\"rt-holder tpg-post-holder\">\n\t\t<div class=\"rt-detail rt-el-content-wrapper\">\n\t\t\t\t\t\t\t<div class=\"rt-img-holder tpg-el-image-wrap has-thumbnail\">\n\t\t\t\t\t<a data-id=\"334\" href=\"https:\/\/likealights.com\/cs\/unlock-the-power-of-google-ads-manager-account-a-comprehensive-guide\/\" class=\"tpg-post-link\" target=\"_self\">                        <img decoding=\"async\" src=\"https:\/\/likealights.com\/wp-content\/uploads\/2024\/03\/pexels-jessica-lewis-\ud83e\udd8b-thepaintedsquare-4200831-768x512.jpg\"\n                             class=\"rt-img-responsive\"\n                             width=\"768\"\n                             height=\"512\"\n                             alt=\"google image 4\">\n\t\t\t\t\t\t\n\t\t\t\t\t\t\t\n\t\t<\/a>\n\t\t        <div class=\"overlay grid-hover-content\"><\/div>\n\t\t\t\t\t\t<\/div>\n\t\t\t\n\t\t\t<div class=\"entry-title-wrapper\"><h3 class=\"entry-title\"><a data-id=\"334\" href=\"https:\/\/likealights.com\/cs\/unlock-the-power-of-google-ads-manager-account-a-comprehensive-guide\/\" class=\"tpg-post-link\" target=\"_self\">Odemkn\u011bte s\u00edlu Google Ads Manager Account: Komplexn\u00ed pr\u016fvodce<\/a><\/h3><\/div>\n\t\t\t\t\t\t\t<div class=\"post-meta-tags rt-el-post-meta\">\n\t\t\t\t\t            <span class='date'>\n\t\t\t\t<i class='far fa-calendar-alt'><\/i>\t\t\t\t                    <a href=\"https:\/\/likealights.com\/cs\/2024\/03\/03\/\">\n\t\t\t\t\t3 b\u0159ezna, 2024\t\t\t\t<\/a>\n\t\t\t\t\t\t\t<\/span>\n\t\t\t\t\t\t\t<\/div>\n\t\t\t\n\t\t\t\t\t\t\t<div class=\"tpg-excerpt tpg-el-excerpt\">\n\t\t\t\t\t\t\t\t\t\t\t<div class=\"tpg-excerpt-inner\">\n\t\t\t\t\t\t\tIn the realm of online marketing, Google Ads reigns supreme as a potent tool for businesses looking to expand their digital presence. However, to truly unlock its potential, understanding the Google...\t\t\t\t\t\t<\/div>\n\t\t\t\t\t\t\t\t\t\t\t\t\t\t<\/div>\n\t\t\t\n\t\t\t        <div class=\"post-footer\">\n            <div class=\"post-footer\">\n                <div class=\"read-more\">\n\t\t\t\t\t<a data-id=\"334\" href=\"https:\/\/likealights.com\/cs\/unlock-the-power-of-google-ads-manager-account-a-comprehensive-guide\/\" class=\"tpg-post-link\" target=\"_self\">V\u00edce<\/a>                <\/div>\n            <\/div>\n        <\/div>\n\t\t\t\t<\/div>\n\t<\/div>\n<\/div>\n\n<div class=\"rt-col-md-4 rt-col-sm-6 rt-col-xs-12 default rt-grid-item\" data-id=\"263\">\n\t<div class=\"rt-holder tpg-post-holder\">\n\t\t<div class=\"rt-detail rt-el-content-wrapper\">\n\t\t\t\t\t\t\t<div class=\"rt-img-holder tpg-el-image-wrap has-thumbnail\">\n\t\t\t\t\t<a data-id=\"263\" href=\"https:\/\/likealights.com\/cs\/7-advantages-of-google-ads-for-your-business\/\" class=\"tpg-post-link\" target=\"_self\">                        <img loading=\"lazy\" decoding=\"async\" src=\"https:\/\/likealights.com\/wp-content\/uploads\/2024\/02\/pexels-philipp-pistis-10963241-768x512.jpg\"\n                             class=\"rt-img-responsive\"\n                             width=\"768\"\n                             height=\"512\"\n                             alt=\"google image 3\">\n\t\t\t\t\t\t\n\t\t\t\t\t\t\t\n\t\t<\/a>\n\t\t        <div class=\"overlay grid-hover-content\"><\/div>\n\t\t\t\t\t\t<\/div>\n\t\t\t\n\t\t\t<div class=\"entry-title-wrapper\"><h3 class=\"entry-title\"><a data-id=\"263\" href=\"https:\/\/likealights.com\/cs\/7-advantages-of-google-ads-for-your-business\/\" class=\"tpg-post-link\" target=\"_self\">7 V\u00fdhod Google Ads Pro V\u00e1\u0161 Byznys<\/a><\/h3><\/div>\n\t\t\t\t\t\t\t<div class=\"post-meta-tags rt-el-post-meta\">\n\t\t\t\t\t            <span class='date'>\n\t\t\t\t<i class='far fa-calendar-alt'><\/i>\t\t\t\t                    <a href=\"https:\/\/likealights.com\/cs\/2024\/02\/24\/\">\n\t\t\t\t\t24 \u00fanora, 2024\t\t\t\t<\/a>\n\t\t\t\t\t\t\t<\/span>\n\t\t\t\t\t\t\t<\/div>\n\t\t\t\n\t\t\t\t\t\t\t<div class=\"tpg-excerpt tpg-el-excerpt\">\n\t\t\t\t\t\t\t\t\t\t\t<div class=\"tpg-excerpt-inner\">\n\t\t\t\t\t\t\tGoogle Ads, formerly known as Google AdWords, is an online advertising platform that allows businesses to promote their products and services on Google\u2019s search engine results pages (SERPs), websites...\t\t\t\t\t\t<\/div>\n\t\t\t\t\t\t\t\t\t\t\t\t\t\t<\/div>\n\t\t\t\n\t\t\t        <div class=\"post-footer\">\n            <div class=\"post-footer\">\n                <div class=\"read-more\">\n\t\t\t\t\t<a data-id=\"263\" href=\"https:\/\/likealights.com\/cs\/7-advantages-of-google-ads-for-your-business\/\" class=\"tpg-post-link\" target=\"_self\">V\u00edce<\/a>                <\/div>\n            <\/div>\n        <\/div>\n\t\t\t\t<\/div>\n\t<\/div>\n<\/div>\n\n<div class=\"rt-col-md-4 rt-col-sm-6 rt-col-xs-12 default rt-grid-item\" data-id=\"261\">\n\t<div class=\"rt-holder tpg-post-holder\">\n\t\t<div class=\"rt-detail rt-el-content-wrapper\">\n\t\t\t\t\t\t\t<div class=\"rt-img-holder tpg-el-image-wrap has-thumbnail\">\n\t\t\t\t\t<a data-id=\"261\" href=\"https:\/\/likealights.com\/cs\/boost-your-google-ads-performance\/\" class=\"tpg-post-link\" target=\"_self\">                        <img loading=\"lazy\" decoding=\"async\" src=\"https:\/\/likealights.com\/wp-content\/uploads\/2024\/02\/pexels-photomix-company-5494323-768x512.jpg\"\n                             class=\"rt-img-responsive\"\n                             width=\"768\"\n                             height=\"512\"\n                             alt=\"google image 2\">\n\t\t\t\t\t\t\n\t\t\t\t\t\t\t\n\t\t<\/a>\n\t\t        <div class=\"overlay grid-hover-content\"><\/div>\n\t\t\t\t\t\t<\/div>\n\t\t\t\n\t\t\t<div class=\"entry-title-wrapper\"><h3 class=\"entry-title\"><a data-id=\"261\" href=\"https:\/\/likealights.com\/cs\/boost-your-google-ads-performance\/\" class=\"tpg-post-link\" target=\"_self\">Vylep\u0161i Sv\u016fj Google Ads V\u00fdkon s T\u011bmito 7 Strategiemi Optimalizace<\/a><\/h3><\/div>\n\t\t\t\t\t\t\t<div class=\"post-meta-tags rt-el-post-meta\">\n\t\t\t\t\t            <span class='date'>\n\t\t\t\t<i class='far fa-calendar-alt'><\/i>\t\t\t\t                    <a href=\"https:\/\/likealights.com\/cs\/2024\/02\/24\/\">\n\t\t\t\t\t24 \u00fanora, 2024\t\t\t\t<\/a>\n\t\t\t\t\t\t\t<\/span>\n\t\t\t\t\t\t\t<\/div>\n\t\t\t\n\t\t\t\t\t\t\t<div class=\"tpg-excerpt tpg-el-excerpt\">\n\t\t\t\t\t\t\t\t\t\t\t<div class=\"tpg-excerpt-inner\">\n\t\t\t\t\t\t\tGoogle Ads is a powerful tool for businesses looking to reach their target audience and drive results. However, to get the most out of your Google Ads campaigns, it\u2019s essential to optimize them for...\t\t\t\t\t\t<\/div>\n\t\t\t\t\t\t\t\t\t\t\t\t\t\t<\/div>\n\t\t\t\n\t\t\t        <div class=\"post-footer\">\n            <div class=\"post-footer\">\n                <div class=\"read-more\">\n\t\t\t\t\t<a data-id=\"261\" href=\"https:\/\/likealights.com\/cs\/boost-your-google-ads-performance\/\" class=\"tpg-post-link\" target=\"_self\">V\u00edce<\/a>                <\/div>\n            <\/div>\n        <\/div>\n\t\t\t\t<\/div>\n\t<\/div>\n<\/div>\n\n<div class=\"rt-col-md-4 rt-col-sm-6 rt-col-xs-12 default rt-grid-item\" data-id=\"259\">\n\t<div class=\"rt-holder tpg-post-holder\">\n\t\t<div class=\"rt-detail rt-el-content-wrapper\">\n\t\t\t\t\t\t\t<div class=\"rt-img-holder tpg-el-image-wrap has-thumbnail\">\n\t\t\t\t\t<a data-id=\"259\" href=\"https:\/\/likealights.com\/cs\/maximizing-google-ads-performance-a-comprehensive-guide\/\" class=\"tpg-post-link\" target=\"_self\">                        <img loading=\"lazy\" decoding=\"async\" src=\"https:\/\/likealights.com\/wp-content\/uploads\/2024\/02\/pexels-pixabay-38547-768x510.jpg\"\n                             class=\"rt-img-responsive\"\n                             width=\"768\"\n                             height=\"510\"\n                             alt=\"google image 1\">\n\t\t\t\t\t\t\n\t\t\t\t\t\t\t\n\t\t<\/a>\n\t\t        <div class=\"overlay grid-hover-content\"><\/div>\n\t\t\t\t\t\t<\/div>\n\t\t\t\n\t\t\t<div class=\"entry-title-wrapper\"><h3 class=\"entry-title\"><a data-id=\"259\" href=\"https:\/\/likealights.com\/cs\/maximizing-google-ads-performance-a-comprehensive-guide\/\" class=\"tpg-post-link\" target=\"_self\">Maximalizuj Sv\u016fj Google Ads V\u00fdkon: Jednoduch\u00fd N\u00e1vod<\/a><\/h3><\/div>\n\t\t\t\t\t\t\t<div class=\"post-meta-tags rt-el-post-meta\">\n\t\t\t\t\t            <span class='date'>\n\t\t\t\t<i class='far fa-calendar-alt'><\/i>\t\t\t\t                    <a href=\"https:\/\/likealights.com\/cs\/2024\/02\/24\/\">\n\t\t\t\t\t24 \u00fanora, 2024\t\t\t\t<\/a>\n\t\t\t\t\t\t\t<\/span>\n\t\t\t\t\t\t\t<\/div>\n\t\t\t\n\t\t\t\t\t\t\t<div class=\"tpg-excerpt tpg-el-excerpt\">\n\t\t\t\t\t\t\t\t\t\t\t<div class=\"tpg-excerpt-inner\">\n\t\t\t\t\t\t\tIntroduction: Google Ads, formerly known as Google AdWords, is one of the most powerful advertising platforms available today. It allows businesses to reach their target audience through search engine...\t\t\t\t\t\t<\/div>\n\t\t\t\t\t\t\t\t\t\t\t\t\t\t<\/div>\n\t\t\t\n\t\t\t        <div class=\"post-footer\">\n            <div class=\"post-footer\">\n                <div class=\"read-more\">\n\t\t\t\t\t<a data-id=\"259\" href=\"https:\/\/likealights.com\/cs\/maximizing-google-ads-performance-a-comprehensive-guide\/\" class=\"tpg-post-link\" target=\"_self\">V\u00edce<\/a>                <\/div>\n            <\/div>\n        <\/div>\n\t\t\t\t<\/div>\n\t<\/div>\n<\/div>\n\t\t\t<\/div>\n\t\t\t\n\t\t<\/div>\n\t\t\t\t\t\t<\/div>\n\t\t\t\t<\/div>\n\t\t\t\t\t<\/div>\n\t\t\t\t<\/div>\n\t\t\t\t<\/div>","protected":false},"excerpt":{"rendered":"<p>BLOG HOME How to Set Up a Google Ads Account: A Complete Guide October 3, 2024 How to Set Up a Google Ads Account: A Complete Guide Creating and setting up a Google Ads account is a key step for anyone looking to reach potential customers online. Google Ads (formerly Google\u2026 Read More Unlocking the [&hellip;]<\/p>\n","protected":false},"author":1,"featured_media":0,"parent":0,"menu_order":0,"comment_status":"closed","ping_status":"closed","template":"elementor_header_footer","meta":{"_monsterinsights_skip_tracking":false,"_monsterinsights_sitenote_active":false,"_monsterinsights_sitenote_note":"","_monsterinsights_sitenote_category":0,"_uf_show_specific_survey":0,"_uf_disable_surveys":false,"footnotes":""},"class_list":["post-177","page","type-page","status-publish","hentry"],"yoast_head":"<!-- This site is optimized with the Yoast SEO plugin v27.5 - https:\/\/yoast.com\/product\/yoast-seo-wordpress\/ -->\n<title>Google Ads Blog | PPC Guides &amp; Strategies<\/title>\n<meta name=\"description\" content=\"Explore expert Google Ads guides, PPC optimization strategies and campaign setup tutorials to improve ROI and grow your business.\" \/>\n<meta name=\"robots\" content=\"index, follow, max-snippet:-1, max-image-preview:large, max-video-preview:-1\" \/>\n<link rel=\"canonical\" href=\"https:\/\/likealights.com\/cs\/blog-home\/\" \/>\n<meta property=\"og:locale\" content=\"cs_CZ\" \/>\n<meta property=\"og:type\" content=\"article\" \/>\n<meta property=\"og:title\" content=\"Google Ads Blog | PPC Guides &amp; Strategies\" \/>\n<meta property=\"og:description\" content=\"Explore expert Google Ads guides, PPC optimization strategies and campaign setup tutorials to improve ROI and grow your business.\" \/>\n<meta property=\"og:url\" content=\"https:\/\/likealights.com\/cs\/blog-home\/\" \/>\n<meta property=\"og:site_name\" content=\"Like a Lights\" \/>\n<meta property=\"article:publisher\" content=\"https:\/\/www.facebook.com\/profile.php?id=61556518541469\" \/>\n<meta property=\"article:modified_time\" content=\"2026-02-28T10:41:21+00:00\" \/>\n<meta property=\"og:image\" content=\"https:\/\/likealights.com\/wp-content\/uploads\/2024\/01\/pexels-caio-67112-768x511.jpg\" \/>\n<meta name=\"twitter:card\" content=\"summary_large_image\" \/>\n<meta name=\"twitter:label1\" content=\"Odhadovan\u00e1 doba \u010dten\u00ed\" \/>\n\t<meta name=\"twitter:data1\" content=\"3 minuty\" \/>\n<script type=\"application\/ld+json\" class=\"yoast-schema-graph\">{\"@context\":\"https:\\\/\\\/schema.org\",\"@graph\":[{\"@type\":\"WebPage\",\"@id\":\"https:\\\/\\\/likealights.com\\\/blog-home\\\/\",\"url\":\"https:\\\/\\\/likealights.com\\\/blog-home\\\/\",\"name\":\"Google Ads Blog | PPC Guides & Strategies\",\"isPartOf\":{\"@id\":\"https:\\\/\\\/likealights.com\\\/#website\"},\"primaryImageOfPage\":{\"@id\":\"https:\\\/\\\/likealights.com\\\/blog-home\\\/#primaryimage\"},\"image\":{\"@id\":\"https:\\\/\\\/likealights.com\\\/blog-home\\\/#primaryimage\"},\"thumbnailUrl\":\"https:\\\/\\\/likealights.com\\\/wp-content\\\/uploads\\\/2024\\\/01\\\/pexels-caio-67112-768x511.jpg\",\"datePublished\":\"2024-02-14T17:13:34+00:00\",\"dateModified\":\"2026-02-28T10:41:21+00:00\",\"description\":\"Explore expert Google Ads guides, PPC optimization strategies and campaign setup tutorials to improve ROI and grow your business.\",\"breadcrumb\":{\"@id\":\"https:\\\/\\\/likealights.com\\\/blog-home\\\/#breadcrumb\"},\"inLanguage\":\"cs\",\"potentialAction\":[{\"@type\":\"ReadAction\",\"target\":[\"https:\\\/\\\/likealights.com\\\/blog-home\\\/\"]}]},{\"@type\":\"ImageObject\",\"inLanguage\":\"cs\",\"@id\":\"https:\\\/\\\/likealights.com\\\/blog-home\\\/#primaryimage\",\"url\":\"https:\\\/\\\/likealights.com\\\/wp-content\\\/uploads\\\/2024\\\/01\\\/pexels-caio-67112-768x511.jpg\",\"contentUrl\":\"https:\\\/\\\/likealights.com\\\/wp-content\\\/uploads\\\/2024\\\/01\\\/pexels-caio-67112-768x511.jpg\"},{\"@type\":\"BreadcrumbList\",\"@id\":\"https:\\\/\\\/likealights.com\\\/blog-home\\\/#breadcrumb\",\"itemListElement\":[{\"@type\":\"ListItem\",\"position\":1,\"name\":\"Home\",\"item\":\"https:\\\/\\\/likealights.com\\\/\"},{\"@type\":\"ListItem\",\"position\":2,\"name\":\"Blog Home\"}]},{\"@type\":\"WebSite\",\"@id\":\"https:\\\/\\\/likealights.com\\\/#website\",\"url\":\"https:\\\/\\\/likealights.com\\\/\",\"name\":\"Like a Lights\",\"description\":\"Google Ads a Email Marketing Agency\",\"publisher\":{\"@id\":\"https:\\\/\\\/likealights.com\\\/#organization\"},\"potentialAction\":[{\"@type\":\"SearchAction\",\"target\":{\"@type\":\"EntryPoint\",\"urlTemplate\":\"https:\\\/\\\/likealights.com\\\/?s={search_term_string}\"},\"query-input\":{\"@type\":\"PropertyValueSpecification\",\"valueRequired\":true,\"valueName\":\"search_term_string\"}}],\"inLanguage\":\"cs\"},{\"@type\":\"Organization\",\"@id\":\"https:\\\/\\\/likealights.com\\\/#organization\",\"name\":\"Like a Lights\",\"url\":\"https:\\\/\\\/likealights.com\\\/\",\"logo\":{\"@type\":\"ImageObject\",\"inLanguage\":\"cs\",\"@id\":\"https:\\\/\\\/likealights.com\\\/#\\\/schema\\\/logo\\\/image\\\/\",\"url\":\"https:\\\/\\\/likealights.com\\\/wp-content\\\/uploads\\\/2024\\\/01\\\/qhqpuqsm.png\",\"contentUrl\":\"https:\\\/\\\/likealights.com\\\/wp-content\\\/uploads\\\/2024\\\/01\\\/qhqpuqsm.png\",\"width\":500,\"height\":500,\"caption\":\"Like a Lights\"},\"image\":{\"@id\":\"https:\\\/\\\/likealights.com\\\/#\\\/schema\\\/logo\\\/image\\\/\"},\"sameAs\":[\"https:\\\/\\\/www.facebook.com\\\/profile.php?id=61556518541469\",\"https:\\\/\\\/www.instagram.com\\\/likealightsagency\\\/\"]}]}<\/script>\n<!-- \/ Yoast SEO plugin. -->","yoast_head_json":{"title":"Google Ads Blog | PPC Guides & Strategies","description":"Explore expert Google Ads guides, PPC optimization strategies and campaign setup tutorials to improve ROI and grow your business.","robots":{"index":"index","follow":"follow","max-snippet":"max-snippet:-1","max-image-preview":"max-image-preview:large","max-video-preview":"max-video-preview:-1"},"canonical":"https:\/\/likealights.com\/cs\/blog-home\/","og_locale":"cs_CZ","og_type":"article","og_title":"Google Ads Blog | PPC Guides & Strategies","og_description":"Explore expert Google Ads guides, PPC optimization strategies and campaign setup tutorials to improve ROI and grow your business.","og_url":"https:\/\/likealights.com\/cs\/blog-home\/","og_site_name":"Like a Lights","article_publisher":"https:\/\/www.facebook.com\/profile.php?id=61556518541469","article_modified_time":"2026-02-28T10:41:21+00:00","og_image":[{"url":"https:\/\/likealights.com\/wp-content\/uploads\/2024\/01\/pexels-caio-67112-768x511.jpg","type":"","width":"","height":""}],"twitter_card":"summary_large_image","twitter_misc":{"Odhadovan\u00e1 doba \u010dten\u00ed":"3 minuty"},"schema":{"@context":"https:\/\/schema.org","@graph":[{"@type":"WebPage","@id":"https:\/\/likealights.com\/blog-home\/","url":"https:\/\/likealights.com\/blog-home\/","name":"Google Ads Blog | PPC Guides & Strategies","isPartOf":{"@id":"https:\/\/likealights.com\/#website"},"primaryImageOfPage":{"@id":"https:\/\/likealights.com\/blog-home\/#primaryimage"},"image":{"@id":"https:\/\/likealights.com\/blog-home\/#primaryimage"},"thumbnailUrl":"https:\/\/likealights.com\/wp-content\/uploads\/2024\/01\/pexels-caio-67112-768x511.jpg","datePublished":"2024-02-14T17:13:34+00:00","dateModified":"2026-02-28T10:41:21+00:00","description":"Explore expert Google Ads guides, PPC optimization strategies and campaign setup tutorials to improve ROI and grow your business.","breadcrumb":{"@id":"https:\/\/likealights.com\/blog-home\/#breadcrumb"},"inLanguage":"cs","potentialAction":[{"@type":"ReadAction","target":["https:\/\/likealights.com\/blog-home\/"]}]},{"@type":"ImageObject","inLanguage":"cs","@id":"https:\/\/likealights.com\/blog-home\/#primaryimage","url":"https:\/\/likealights.com\/wp-content\/uploads\/2024\/01\/pexels-caio-67112-768x511.jpg","contentUrl":"https:\/\/likealights.com\/wp-content\/uploads\/2024\/01\/pexels-caio-67112-768x511.jpg"},{"@type":"BreadcrumbList","@id":"https:\/\/likealights.com\/blog-home\/#breadcrumb","itemListElement":[{"@type":"ListItem","position":1,"name":"Home","item":"https:\/\/likealights.com\/"},{"@type":"ListItem","position":2,"name":"Blog Home"}]},{"@type":"WebSite","@id":"https:\/\/likealights.com\/#website","url":"https:\/\/likealights.com\/","name":"Like a Lights","description":"Google Ads a Email Marketing Agency","publisher":{"@id":"https:\/\/likealights.com\/#organization"},"potentialAction":[{"@type":"SearchAction","target":{"@type":"EntryPoint","urlTemplate":"https:\/\/likealights.com\/?s={search_term_string}"},"query-input":{"@type":"PropertyValueSpecification","valueRequired":true,"valueName":"search_term_string"}}],"inLanguage":"cs"},{"@type":"Organization","@id":"https:\/\/likealights.com\/#organization","name":"Like a Lights","url":"https:\/\/likealights.com\/","logo":{"@type":"ImageObject","inLanguage":"cs","@id":"https:\/\/likealights.com\/#\/schema\/logo\/image\/","url":"https:\/\/likealights.com\/wp-content\/uploads\/2024\/01\/qhqpuqsm.png","contentUrl":"https:\/\/likealights.com\/wp-content\/uploads\/2024\/01\/qhqpuqsm.png","width":500,"height":500,"caption":"Like a Lights"},"image":{"@id":"https:\/\/likealights.com\/#\/schema\/logo\/image\/"},"sameAs":["https:\/\/www.facebook.com\/profile.php?id=61556518541469","https:\/\/www.instagram.com\/likealightsagency\/"]}]}},"featured_media_urls":[],"rttpg_featured_image_url":null,"rttpg_author":{"display_name":"","author_link":"https:\/\/likealights.com\/cs\/author\/"},"rttpg_comment":0,"rttpg_category":"","rttpg_excerpt":"BLOG HOME How to Set Up a Google Ads Account: A Complete Guide October 3, 2024 How to Set Up a Google Ads Account: A Complete Guide Creating and setting up a Google Ads account is a key step for anyone looking to reach potential customers online. Google Ads (formerly Google\u2026 Read More Unlocking the&hellip;","_links":{"self":[{"href":"https:\/\/likealights.com\/cs\/wp-json\/wp\/v2\/pages\/177","targetHints":{"allow":["GET"]}}],"collection":[{"href":"https:\/\/likealights.com\/cs\/wp-json\/wp\/v2\/pages"}],"about":[{"href":"https:\/\/likealights.com\/cs\/wp-json\/wp\/v2\/types\/page"}],"author":[{"embeddable":true,"href":"https:\/\/likealights.com\/cs\/wp-json\/wp\/v2\/users\/1"}],"replies":[{"embeddable":true,"href":"https:\/\/likealights.com\/cs\/wp-json\/wp\/v2\/comments?post=177"}],"version-history":[{"count":16,"href":"https:\/\/likealights.com\/cs\/wp-json\/wp\/v2\/pages\/177\/revisions"}],"predecessor-version":[{"id":1384,"href":"https:\/\/likealights.com\/cs\/wp-json\/wp\/v2\/pages\/177\/revisions\/1384"}],"wp:attachment":[{"href":"https:\/\/likealights.com\/cs\/wp-json\/wp\/v2\/media?parent=177"}],"curies":[{"name":"wp","href":"https:\/\/api.w.org\/{rel}","templated":true}]}}