{"id":188,"date":"2024-02-16T17:38:49","date_gmt":"2024-02-16T17:38:49","guid":{"rendered":"https:\/\/likealights.com\/?page_id=188"},"modified":"2026-02-28T11:43:33","modified_gmt":"2026-02-28T10:43:33","slug":"contact-us","status":"publish","type":"page","link":"https:\/\/likealights.com\/cs\/contact-us\/","title":{"rendered":"Kontaktuj N\u00e1s"},"content":{"rendered":"\t\t<div data-elementor-type=\"wp-page\" data-elementor-id=\"188\" class=\"elementor elementor-188\">\n\t\t\t\t<div class=\"elementor-element elementor-element-2efbbee e-flex e-con-boxed e-con e-parent\" data-id=\"2efbbee\" data-element_type=\"container\" data-e-type=\"container\" data-settings=\"{&quot;background_background&quot;:&quot;slideshow&quot;,&quot;background_slideshow_gallery&quot;:[{&quot;id&quot;:973,&quot;url&quot;:&quot;https:\\\/\\\/likealights.com\\\/wp-content\\\/uploads\\\/2026\\\/01\\\/Space_back.jpg&quot;}],&quot;shape_divider_bottom&quot;:&quot;tilt&quot;,&quot;background_slideshow_loop&quot;:&quot;yes&quot;,&quot;background_slideshow_slide_duration&quot;:5000,&quot;background_slideshow_slide_transition&quot;:&quot;fade&quot;,&quot;background_slideshow_transition_duration&quot;:500}\">\n\t\t\t\t\t<div class=\"e-con-inner\">\n\t\t\t\t<div class=\"elementor-shape elementor-shape-bottom\" aria-hidden=\"true\" data-negative=\"false\">\n\t\t\t<svg xmlns=\"http:\/\/www.w3.org\/2000\/svg\" viewBox=\"0 0 1000 100\" preserveAspectRatio=\"none\">\n\t<path class=\"elementor-shape-fill\" d=\"M0,6V0h1000v100L0,6z\"\/>\n<\/svg>\t\t<\/div>\n\t\t\t\t<div class=\"elementor-element elementor-element-af259e9 elementor-widget elementor-widget-spacer\" data-id=\"af259e9\" data-element_type=\"widget\" data-e-type=\"widget\" data-widget_type=\"spacer.default\">\n\t\t\t\t<div class=\"elementor-widget-container\">\n\t\t\t\t\t\t\t<div class=\"elementor-spacer\">\n\t\t\t<div class=\"elementor-spacer-inner\"><\/div>\n\t\t<\/div>\n\t\t\t\t\t\t<\/div>\n\t\t\t\t<\/div>\n\t\t\t\t<div class=\"elementor-element elementor-element-60dd3cb elementor-widget elementor-widget-heading\" data-id=\"60dd3cb\" data-element_type=\"widget\" data-e-type=\"widget\" data-widget_type=\"heading.default\">\n\t\t\t\t<div class=\"elementor-widget-container\">\n\t\t\t\t\t<h3 class=\"elementor-heading-title elementor-size-default\">Contact us<\/h3>\t\t\t\t<\/div>\n\t\t\t\t<\/div>\n\t\t\t\t<div class=\"elementor-element elementor-element-677e8dc elementor-widget elementor-widget-heading\" data-id=\"677e8dc\" data-element_type=\"widget\" data-e-type=\"widget\" data-widget_type=\"heading.default\">\n\t\t\t\t<div class=\"elementor-widget-container\">\n\t\t\t\t\t<h2 class=\"elementor-heading-title elementor-size-default\">Fill this up, don\u00b4t be shy<\/h2>\t\t\t\t<\/div>\n\t\t\t\t<\/div>\n\t\t\t\t<div class=\"elementor-element elementor-element-9aff2ca elementor-widget elementor-widget-text-editor\" data-id=\"9aff2ca\" data-element_type=\"widget\" data-e-type=\"widget\" data-widget_type=\"text-editor.default\">\n\t\t\t\t<div class=\"elementor-widget-container\">\n\t\t\t\t\t\t\t\t\t<p style=\"font-weight: 400;\">If you want to get in touch with us please fill the columns below. Make sure you are writing your email right.<\/p>\t\t\t\t\t\t\t\t<\/div>\n\t\t\t\t<\/div>\n\t\t\t\t<div class=\"elementor-element elementor-element-64d66f3 elementor-widget elementor-widget-wpforms\" data-id=\"64d66f3\" data-element_type=\"widget\" data-e-type=\"widget\" data-widget_type=\"wpforms.default\">\n\t\t\t\t<div class=\"elementor-widget-container\">\n\t\t\t\t\t<style id=\"wpforms-css-vars-elementor-widget-64d66f3\">\n\t\t\t\t.elementor-widget-wpforms.elementor-element-64d66f3 {\n\t\t\t\t--wpforms-field-text-color: #FFFFFF;\n--wpforms-label-color: #FFFFFFD9;\n--wpforms-label-sublabel-color: #FFFFFF8C;\n--wpforms-label-error-color: #FBD00D;\n--wpforms-button-background-color: #FBD00D;\n--wpforms-button-text-color: #000000;\n--wpforms-field-background-color: #FFFFFF;\n\t\t\t}\n\t\t\t<\/style><div class=\"wpforms-container wpforms-container-full wpforms-render-modern\" id=\"wpforms-185\"><form id=\"wpforms-form-185\" class=\"wpforms-validate wpforms-form wpforms-ajax-form\" data-formid=\"185\" method=\"post\" enctype=\"multipart\/form-data\" action=\"\/cs\/wp-json\/wp\/v2\/pages\/188\" data-token=\"acd818ef69b7a3882b0f451676c95510\" data-token-time=\"1778160797\"><noscript class=\"wpforms-error-noscript\">Chcete-li vyplnit tento formul\u00e1\u0159, pros\u00edm povolte v prohl\u00ed\u017ee\u010di JavaScript.<\/noscript><div id=\"wpforms-error-noscript\" style=\"display: none;\">Chcete-li vyplnit tento formul\u00e1\u0159, pros\u00edm povolte v prohl\u00ed\u017ee\u010di JavaScript.<\/div><div class=\"wpforms-field-container\"><div id=\"wpforms-185-field_0-container\" class=\"wpforms-field wpforms-field-name\" data-field-id=\"0\"><fieldset><legend class=\"wpforms-field-label\">Name <span class=\"wpforms-required-label\" aria-hidden=\"true\">*<\/span><\/legend><div class=\"wpforms-field-row wpforms-field-medium\"><div class=\"wpforms-field-row-block wpforms-first wpforms-one-half\"><input type=\"text\" id=\"wpforms-185-field_0\" class=\"wpforms-field-name-first wpforms-field-required\" name=\"wpforms[fields][0][first]\" aria-errormessage=\"wpforms-185-field_0-error\" required><label for=\"wpforms-185-field_0\" class=\"wpforms-field-sublabel after\">K\u0159estn\u00ed jm\u00e9no<\/label><\/div><div class=\"wpforms-field-row-block wpforms-one-half\"><input type=\"text\" id=\"wpforms-185-field_0-last\" class=\"wpforms-field-name-last wpforms-field-required\" name=\"wpforms[fields][0][last]\" aria-errormessage=\"wpforms-185-field_0-last-error\" required><label for=\"wpforms-185-field_0-last\" class=\"wpforms-field-sublabel after\">P\u0159\u00edjmen\u00ed<\/label><\/div><\/div><\/fieldset><\/div><div id=\"wpforms-185-field_1-container\" class=\"wpforms-field wpforms-field-email\" data-field-id=\"1\"><label class=\"wpforms-field-label\" for=\"wpforms-185-field_1\">Email <span class=\"wpforms-required-label\" aria-hidden=\"true\">*<\/span><\/label><input type=\"email\" id=\"wpforms-185-field_1\" class=\"wpforms-field-medium wpforms-field-required\" name=\"wpforms[fields][1]\" spellcheck=\"false\" aria-errormessage=\"wpforms-185-field_1-error\" required><\/div><div id=\"wpforms-185-field_3-container\" class=\"wpforms-field wpforms-field-text\" data-field-id=\"3\"><label class=\"wpforms-field-label\" for=\"wpforms-185-field_3\">Phone Number <span class=\"wpforms-required-label\" aria-hidden=\"true\">*<\/span><\/label><input type=\"text\" id=\"wpforms-185-field_3\" class=\"wpforms-field-medium wpforms-field-required\" name=\"wpforms[fields][3]\" aria-errormessage=\"wpforms-185-field_3-error\" required><\/div><div id=\"wpforms-185-field_5-container\" class=\"wpforms-field wpforms-field-checkbox\" data-field-id=\"5\"><fieldset><legend class=\"wpforms-field-label\"><\/legend><ul id=\"wpforms-185-field_5\"><li class=\"choice-1 depth-1\"><input type=\"checkbox\" id=\"wpforms-185-field_5_1\" name=\"wpforms[fields][5][]\" value=\"I don&#039;t want to subscribe to your newsletter.\" aria-errormessage=\"wpforms-185-field_5_1-error\"  ><label class=\"wpforms-field-label-inline\" for=\"wpforms-185-field_5_1\">I don't want to subscribe to your newsletter.<\/label><\/li><\/ul><\/fieldset><\/div><\/div><!-- .wpforms-field-container --><div class=\"wpforms-submit-container\" ><input type=\"hidden\" name=\"wpforms[id]\" value=\"185\"><input type=\"hidden\" name=\"page_title\" value=\"\"><input type=\"hidden\" name=\"page_url\" value=\"https:\/\/likealights.com\/cs\/wp-json\/wp\/v2\/pages\/188\"><input type=\"hidden\" name=\"url_referer\" value=\"\"><button type=\"submit\" name=\"wpforms[submit]\" id=\"wpforms-submit-185\" class=\"wpforms-submit\" data-alt-text=\"Sending...\" data-submit-text=\"Submit\" aria-live=\"assertive\" value=\"wpforms-submit\">Submit<\/button><img decoding=\"async\" src=\"https:\/\/likealights.com\/wp-content\/plugins\/wpforms-lite\/assets\/images\/submit-spin.svg\" class=\"wpforms-submit-spinner\" style=\"display: none;\" width=\"26\" height=\"26\" alt=\"Na\u010d\u00edt\u00e1n\u00ed\"><\/div><\/form><\/div>  <!-- .wpforms-container -->\t\t\t\t<\/div>\n\t\t\t\t<\/div>\n\t\t\t\t<div class=\"elementor-element elementor-element-b5e33c9 elementor-widget elementor-widget-spacer\" data-id=\"b5e33c9\" data-element_type=\"widget\" data-e-type=\"widget\" data-widget_type=\"spacer.default\">\n\t\t\t\t<div class=\"elementor-widget-container\">\n\t\t\t\t\t\t\t<div class=\"elementor-spacer\">\n\t\t\t<div class=\"elementor-spacer-inner\"><\/div>\n\t\t<\/div>\n\t\t\t\t\t\t<\/div>\n\t\t\t\t<\/div>\n\t\t\t\t\t<\/div>\n\t\t\t\t<\/div>\n\t\t<div class=\"elementor-element elementor-element-68d4947 e-flex e-con-boxed e-con e-parent\" data-id=\"68d4947\" data-element_type=\"container\" data-e-type=\"container\" data-settings=\"{&quot;background_background&quot;:&quot;classic&quot;}\">\n\t\t\t\t\t<div class=\"e-con-inner\">\n\t\t\t\t<div class=\"elementor-element elementor-element-c92a438 elementor-widget elementor-widget-text-editor\" data-id=\"c92a438\" data-element_type=\"widget\" data-e-type=\"widget\" data-widget_type=\"text-editor.default\">\n\t\t\t\t<div class=\"elementor-widget-container\">\n\t\t\t\t\t\t\t\t\t<p><strong>Stanislav Talafous<\/strong><\/p><p><strong>IN: 22418067<\/strong><\/p><p><strong>+420 723 903 197<\/strong><\/p><p><strong>stanislav@like-a-lights.com<\/strong><\/p>\t\t\t\t\t\t\t\t<\/div>\n\t\t\t\t<\/div>\n\t\t\t\t\t<\/div>\n\t\t\t\t<\/div>\n\t\t\t\t<\/div>\n\t\t","protected":false},"excerpt":{"rendered":"<p>Contact us Fill this up, don\u00b4t be shy If you want to get in touch with us please fill the columns below. Make sure you are writing your email right. Please enable JavaScript in your browser to complete this form.Please enable JavaScript in your browser to complete this form. Name * FirstLast Email *Phone Number [&hellip;]<\/p>\n","protected":false},"author":1,"featured_media":0,"parent":0,"menu_order":0,"comment_status":"closed","ping_status":"closed","template":"elementor_canvas","meta":{"_monsterinsights_skip_tracking":false,"_monsterinsights_sitenote_active":false,"_monsterinsights_sitenote_note":"","_monsterinsights_sitenote_category":0,"_uf_show_specific_survey":0,"_uf_disable_surveys":false,"footnotes":""},"class_list":["post-188","page","type-page","status-publish","hentry"],"yoast_head":"<!-- This site is optimized with the Yoast SEO plugin v27.5 - https:\/\/yoast.com\/product\/yoast-seo-wordpress\/ -->\n<title>Contact Our Google Ads Agency | Like a Lights<\/title>\n<meta name=\"description\" content=\"Contact Like a Lights, a data-driven Google Ads agency. Book a call and start building predictable growth with transparent PPC management.\" \/>\n<meta name=\"robots\" content=\"index, follow, max-snippet:-1, max-image-preview:large, max-video-preview:-1\" \/>\n<link rel=\"canonical\" href=\"https:\/\/likealights.com\/cs\/contact-us\/\" \/>\n<meta property=\"og:locale\" content=\"cs_CZ\" \/>\n<meta property=\"og:type\" content=\"article\" \/>\n<meta property=\"og:title\" content=\"Contact Our Google Ads Agency | Like a Lights\" \/>\n<meta property=\"og:description\" content=\"Contact Like a Lights, a data-driven Google Ads agency. Book a call and start building predictable growth with transparent PPC management.\" \/>\n<meta property=\"og:url\" content=\"https:\/\/likealights.com\/cs\/contact-us\/\" \/>\n<meta property=\"og:site_name\" content=\"Like a Lights\" \/>\n<meta property=\"article:publisher\" content=\"https:\/\/www.facebook.com\/profile.php?id=61556518541469\" \/>\n<meta property=\"article:modified_time\" content=\"2026-02-28T10:43:33+00:00\" \/>\n<meta property=\"og:image\" content=\"https:\/\/likealights.com\/wp-content\/plugins\/wpforms-lite\/assets\/images\/submit-spin.svg\" \/>\n<meta name=\"twitter:card\" content=\"summary_large_image\" \/>\n<meta name=\"twitter:label1\" content=\"Odhadovan\u00e1 doba \u010dten\u00ed\" \/>\n\t<meta name=\"twitter:data1\" content=\"1 minuta\" \/>\n<script type=\"application\/ld+json\" class=\"yoast-schema-graph\">{\"@context\":\"https:\\\/\\\/schema.org\",\"@graph\":[{\"@type\":[\"WebPage\",\"ContactPage\"],\"@id\":\"https:\\\/\\\/likealights.com\\\/contact-us\\\/\",\"url\":\"https:\\\/\\\/likealights.com\\\/contact-us\\\/\",\"name\":\"Contact Our Google Ads Agency | Like a Lights\",\"isPartOf\":{\"@id\":\"https:\\\/\\\/likealights.com\\\/#website\"},\"primaryImageOfPage\":{\"@id\":\"https:\\\/\\\/likealights.com\\\/contact-us\\\/#primaryimage\"},\"image\":{\"@id\":\"https:\\\/\\\/likealights.com\\\/contact-us\\\/#primaryimage\"},\"thumbnailUrl\":\"https:\\\/\\\/likealights.com\\\/wp-content\\\/plugins\\\/wpforms-lite\\\/assets\\\/images\\\/submit-spin.svg\",\"datePublished\":\"2024-02-16T17:38:49+00:00\",\"dateModified\":\"2026-02-28T10:43:33+00:00\",\"description\":\"Contact Like a Lights, a data-driven Google Ads agency. Book a call and start building predictable growth with transparent PPC management.\",\"breadcrumb\":{\"@id\":\"https:\\\/\\\/likealights.com\\\/contact-us\\\/#breadcrumb\"},\"inLanguage\":\"cs\",\"potentialAction\":[{\"@type\":\"ReadAction\",\"target\":[\"https:\\\/\\\/likealights.com\\\/contact-us\\\/\"]}]},{\"@type\":\"ImageObject\",\"inLanguage\":\"cs\",\"@id\":\"https:\\\/\\\/likealights.com\\\/contact-us\\\/#primaryimage\",\"url\":\"https:\\\/\\\/likealights.com\\\/wp-content\\\/plugins\\\/wpforms-lite\\\/assets\\\/images\\\/submit-spin.svg\",\"contentUrl\":\"https:\\\/\\\/likealights.com\\\/wp-content\\\/plugins\\\/wpforms-lite\\\/assets\\\/images\\\/submit-spin.svg\"},{\"@type\":\"BreadcrumbList\",\"@id\":\"https:\\\/\\\/likealights.com\\\/contact-us\\\/#breadcrumb\",\"itemListElement\":[{\"@type\":\"ListItem\",\"position\":1,\"name\":\"Home\",\"item\":\"https:\\\/\\\/likealights.com\\\/\"},{\"@type\":\"ListItem\",\"position\":2,\"name\":\"Contact Us\"}]},{\"@type\":\"WebSite\",\"@id\":\"https:\\\/\\\/likealights.com\\\/#website\",\"url\":\"https:\\\/\\\/likealights.com\\\/\",\"name\":\"Like a Lights\",\"description\":\"Google Ads a Email Marketing Agency\",\"publisher\":{\"@id\":\"https:\\\/\\\/likealights.com\\\/#organization\"},\"potentialAction\":[{\"@type\":\"SearchAction\",\"target\":{\"@type\":\"EntryPoint\",\"urlTemplate\":\"https:\\\/\\\/likealights.com\\\/?s={search_term_string}\"},\"query-input\":{\"@type\":\"PropertyValueSpecification\",\"valueRequired\":true,\"valueName\":\"search_term_string\"}}],\"inLanguage\":\"cs\"},{\"@type\":\"Organization\",\"@id\":\"https:\\\/\\\/likealights.com\\\/#organization\",\"name\":\"Like a Lights\",\"url\":\"https:\\\/\\\/likealights.com\\\/\",\"logo\":{\"@type\":\"ImageObject\",\"inLanguage\":\"cs\",\"@id\":\"https:\\\/\\\/likealights.com\\\/#\\\/schema\\\/logo\\\/image\\\/\",\"url\":\"https:\\\/\\\/likealights.com\\\/wp-content\\\/uploads\\\/2024\\\/01\\\/qhqpuqsm.png\",\"contentUrl\":\"https:\\\/\\\/likealights.com\\\/wp-content\\\/uploads\\\/2024\\\/01\\\/qhqpuqsm.png\",\"width\":500,\"height\":500,\"caption\":\"Like a Lights\"},\"image\":{\"@id\":\"https:\\\/\\\/likealights.com\\\/#\\\/schema\\\/logo\\\/image\\\/\"},\"sameAs\":[\"https:\\\/\\\/www.facebook.com\\\/profile.php?id=61556518541469\",\"https:\\\/\\\/www.instagram.com\\\/likealightsagency\\\/\"]}]}<\/script>\n<!-- \/ Yoast SEO plugin. -->","yoast_head_json":{"title":"Contact Our Google Ads Agency | Like a Lights","description":"Contact Like a Lights, a data-driven Google Ads agency. Book a call and start building predictable growth with transparent PPC management.","robots":{"index":"index","follow":"follow","max-snippet":"max-snippet:-1","max-image-preview":"max-image-preview:large","max-video-preview":"max-video-preview:-1"},"canonical":"https:\/\/likealights.com\/cs\/contact-us\/","og_locale":"cs_CZ","og_type":"article","og_title":"Contact Our Google Ads Agency | Like a Lights","og_description":"Contact Like a Lights, a data-driven Google Ads agency. Book a call and start building predictable growth with transparent PPC management.","og_url":"https:\/\/likealights.com\/cs\/contact-us\/","og_site_name":"Like a Lights","article_publisher":"https:\/\/www.facebook.com\/profile.php?id=61556518541469","article_modified_time":"2026-02-28T10:43:33+00:00","og_image":[{"url":"https:\/\/likealights.com\/wp-content\/plugins\/wpforms-lite\/assets\/images\/submit-spin.svg","type":"","width":"","height":""}],"twitter_card":"summary_large_image","twitter_misc":{"Odhadovan\u00e1 doba \u010dten\u00ed":"1 minuta"},"schema":{"@context":"https:\/\/schema.org","@graph":[{"@type":["WebPage","ContactPage"],"@id":"https:\/\/likealights.com\/contact-us\/","url":"https:\/\/likealights.com\/contact-us\/","name":"Contact Our Google Ads Agency | Like a Lights","isPartOf":{"@id":"https:\/\/likealights.com\/#website"},"primaryImageOfPage":{"@id":"https:\/\/likealights.com\/contact-us\/#primaryimage"},"image":{"@id":"https:\/\/likealights.com\/contact-us\/#primaryimage"},"thumbnailUrl":"https:\/\/likealights.com\/wp-content\/plugins\/wpforms-lite\/assets\/images\/submit-spin.svg","datePublished":"2024-02-16T17:38:49+00:00","dateModified":"2026-02-28T10:43:33+00:00","description":"Contact Like a Lights, a data-driven Google Ads agency. Book a call and start building predictable growth with transparent PPC management.","breadcrumb":{"@id":"https:\/\/likealights.com\/contact-us\/#breadcrumb"},"inLanguage":"cs","potentialAction":[{"@type":"ReadAction","target":["https:\/\/likealights.com\/contact-us\/"]}]},{"@type":"ImageObject","inLanguage":"cs","@id":"https:\/\/likealights.com\/contact-us\/#primaryimage","url":"https:\/\/likealights.com\/wp-content\/plugins\/wpforms-lite\/assets\/images\/submit-spin.svg","contentUrl":"https:\/\/likealights.com\/wp-content\/plugins\/wpforms-lite\/assets\/images\/submit-spin.svg"},{"@type":"BreadcrumbList","@id":"https:\/\/likealights.com\/contact-us\/#breadcrumb","itemListElement":[{"@type":"ListItem","position":1,"name":"Home","item":"https:\/\/likealights.com\/"},{"@type":"ListItem","position":2,"name":"Contact Us"}]},{"@type":"WebSite","@id":"https:\/\/likealights.com\/#website","url":"https:\/\/likealights.com\/","name":"Like a Lights","description":"Google Ads a Email Marketing Agency","publisher":{"@id":"https:\/\/likealights.com\/#organization"},"potentialAction":[{"@type":"SearchAction","target":{"@type":"EntryPoint","urlTemplate":"https:\/\/likealights.com\/?s={search_term_string}"},"query-input":{"@type":"PropertyValueSpecification","valueRequired":true,"valueName":"search_term_string"}}],"inLanguage":"cs"},{"@type":"Organization","@id":"https:\/\/likealights.com\/#organization","name":"Like a Lights","url":"https:\/\/likealights.com\/","logo":{"@type":"ImageObject","inLanguage":"cs","@id":"https:\/\/likealights.com\/#\/schema\/logo\/image\/","url":"https:\/\/likealights.com\/wp-content\/uploads\/2024\/01\/qhqpuqsm.png","contentUrl":"https:\/\/likealights.com\/wp-content\/uploads\/2024\/01\/qhqpuqsm.png","width":500,"height":500,"caption":"Like a Lights"},"image":{"@id":"https:\/\/likealights.com\/#\/schema\/logo\/image\/"},"sameAs":["https:\/\/www.facebook.com\/profile.php?id=61556518541469","https:\/\/www.instagram.com\/likealightsagency\/"]}]}},"featured_media_urls":[],"rttpg_featured_image_url":null,"rttpg_author":{"display_name":"","author_link":"https:\/\/likealights.com\/cs\/author\/"},"rttpg_comment":0,"rttpg_category":null,"rttpg_excerpt":"Contact us Fill this up, don\u00b4t be shy If you want to get in touch with us please fill the columns below. Make sure you are writing your email right. Please enable JavaScript in your browser to complete this form.Please enable JavaScript in your browser to complete this form. Name * FirstLast Email *Phone Number&hellip;","_links":{"self":[{"href":"https:\/\/likealights.com\/cs\/wp-json\/wp\/v2\/pages\/188","targetHints":{"allow":["GET"]}}],"collection":[{"href":"https:\/\/likealights.com\/cs\/wp-json\/wp\/v2\/pages"}],"about":[{"href":"https:\/\/likealights.com\/cs\/wp-json\/wp\/v2\/types\/page"}],"author":[{"embeddable":true,"href":"https:\/\/likealights.com\/cs\/wp-json\/wp\/v2\/users\/1"}],"replies":[{"embeddable":true,"href":"https:\/\/likealights.com\/cs\/wp-json\/wp\/v2\/comments?post=188"}],"version-history":[{"count":50,"href":"https:\/\/likealights.com\/cs\/wp-json\/wp\/v2\/pages\/188\/revisions"}],"predecessor-version":[{"id":1365,"href":"https:\/\/likealights.com\/cs\/wp-json\/wp\/v2\/pages\/188\/revisions\/1365"}],"wp:attachment":[{"href":"https:\/\/likealights.com\/cs\/wp-json\/wp\/v2\/media?parent=188"}],"curies":[{"name":"wp","href":"https:\/\/api.w.org\/{rel}","templated":true}]}}