{"id":807,"date":"2025-10-26T10:50:10","date_gmt":"2025-10-26T09:50:10","guid":{"rendered":"https:\/\/likealights.com\/?page_id=807"},"modified":"2026-02-28T11:38:02","modified_gmt":"2026-02-28T10:38:02","slug":"free-checklist","status":"publish","type":"page","link":"https:\/\/likealights.com\/cs\/free-checklist\/","title":{"rendered":"Free Checklist"},"content":{"rendered":"\t\t<div data-elementor-type=\"wp-page\" data-elementor-id=\"807\" class=\"elementor elementor-807\">\n\t\t\t\t<div class=\"elementor-element elementor-element-b70e6e0 e-flex e-con-boxed e-con e-parent\" data-id=\"b70e6e0\" data-element_type=\"container\" data-e-type=\"container\" data-settings=\"{&quot;background_background&quot;:&quot;slideshow&quot;,&quot;background_slideshow_gallery&quot;:[{&quot;id&quot;:973,&quot;url&quot;:&quot;https:\\\/\\\/likealights.com\\\/wp-content\\\/uploads\\\/2026\\\/01\\\/Space_back.jpg&quot;}],&quot;background_slideshow_loop&quot;:&quot;yes&quot;,&quot;background_slideshow_slide_duration&quot;:5000,&quot;background_slideshow_slide_transition&quot;:&quot;fade&quot;,&quot;background_slideshow_transition_duration&quot;:500}\">\n\t\t\t\t\t<div class=\"e-con-inner\">\n\t\t\t\t<div class=\"elementor-element elementor-element-cfb3531 elementor-widget elementor-widget-spacer\" data-id=\"cfb3531\" data-element_type=\"widget\" data-e-type=\"widget\" data-widget_type=\"spacer.default\">\n\t\t\t\t<div class=\"elementor-widget-container\">\n\t\t\t\t\t\t\t<div class=\"elementor-spacer\">\n\t\t\t<div class=\"elementor-spacer-inner\"><\/div>\n\t\t<\/div>\n\t\t\t\t\t\t<\/div>\n\t\t\t\t<\/div>\n\t\t\t\t<div class=\"elementor-element elementor-element-147bd40 elementor-widget elementor-widget-heading\" data-id=\"147bd40\" data-element_type=\"widget\" data-e-type=\"widget\" data-widget_type=\"heading.default\">\n\t\t\t\t<div class=\"elementor-widget-container\">\n\t\t\t\t\t<h3 class=\"elementor-heading-title elementor-size-default\">Free checklist<\/h3>\t\t\t\t<\/div>\n\t\t\t\t<\/div>\n\t\t\t\t<div class=\"elementor-element elementor-element-e899e52 elementor-widget elementor-widget-heading\" data-id=\"e899e52\" data-element_type=\"widget\" data-e-type=\"widget\" data-widget_type=\"heading.default\">\n\t\t\t\t<div class=\"elementor-widget-container\">\n\t\t\t\t\t<h2 class=\"elementor-heading-title elementor-size-default\">You need to check some stuff??<\/h2>\t\t\t\t<\/div>\n\t\t\t\t<\/div>\n\t\t\t\t<div class=\"elementor-element elementor-element-3f56ce3 elementor-widget elementor-widget-text-editor\" data-id=\"3f56ce3\" data-element_type=\"widget\" data-e-type=\"widget\" data-widget_type=\"text-editor.default\">\n\t\t\t\t<div class=\"elementor-widget-container\">\n\t\t\t\t\t\t\t\t\t<p>To get your free professional <strong>Google Analytics checklist<\/strong>, please fill out the form below.<\/p>\t\t\t\t\t\t\t\t<\/div>\n\t\t\t\t<\/div>\n\t\t\t\t<div class=\"elementor-element elementor-element-af7e68f elementor-widget elementor-widget-wpforms\" data-id=\"af7e68f\" data-element_type=\"widget\" data-e-type=\"widget\" data-widget_type=\"wpforms.default\">\n\t\t\t\t<div class=\"elementor-widget-container\">\n\t\t\t\t\t<style id=\"wpforms-css-vars-elementor-widget-af7e68f\">\n\t\t\t\t.elementor-widget-wpforms.elementor-element-af7e68f {\n\t\t\t\t--wpforms-field-text-color: #000000;\n--wpforms-label-color: #000000;\n--wpforms-label-sublabel-color: #000000;\n--wpforms-label-error-color: #FBD00D;\n--wpforms-button-background-color: #FBD00D;\n--wpforms-button-text-color: #000000;\n\t\t\t}\n\t\t\t<\/style><div class=\"wpforms-container wpforms-container-full wpforms-render-modern\" id=\"wpforms-810\"><form id=\"wpforms-form-810\" class=\"wpforms-validate wpforms-form wpforms-ajax-form\" data-formid=\"810\" method=\"post\" enctype=\"multipart\/form-data\" action=\"\/cs\/wp-json\/wp\/v2\/pages\/807\" data-token=\"56636ac2d8b185a8629afdf8552bd6e2\" data-token-time=\"1778159689\"><noscript class=\"wpforms-error-noscript\">Chcete-li vyplnit tento formul\u00e1\u0159, pros\u00edm povolte v prohl\u00ed\u017ee\u010di JavaScript.<\/noscript><div id=\"wpforms-error-noscript\" style=\"display: none;\">Chcete-li vyplnit tento formul\u00e1\u0159, pros\u00edm povolte v prohl\u00ed\u017ee\u010di JavaScript.<\/div><div class=\"wpforms-field-container\"><div id=\"wpforms-810-field_0-container\" class=\"wpforms-field wpforms-field-name\" data-field-id=\"0\"><fieldset><legend class=\"wpforms-field-label\">Name <span class=\"wpforms-required-label\" aria-hidden=\"true\">*<\/span><\/legend><div class=\"wpforms-field-row wpforms-field-medium\"><div class=\"wpforms-field-row-block wpforms-first wpforms-one-half\"><input type=\"text\" id=\"wpforms-810-field_0\" class=\"wpforms-field-name-first wpforms-field-required\" name=\"wpforms[fields][0][first]\" aria-errormessage=\"wpforms-810-field_0-error\" required><label for=\"wpforms-810-field_0\" class=\"wpforms-field-sublabel after\">K\u0159estn\u00ed jm\u00e9no<\/label><\/div><div class=\"wpforms-field-row-block wpforms-one-half\"><input type=\"text\" id=\"wpforms-810-field_0-last\" class=\"wpforms-field-name-last wpforms-field-required\" name=\"wpforms[fields][0][last]\" aria-errormessage=\"wpforms-810-field_0-last-error\" required><label for=\"wpforms-810-field_0-last\" class=\"wpforms-field-sublabel after\">P\u0159\u00edjmen\u00ed<\/label><\/div><\/div><\/fieldset><\/div>\t\t<div id=\"wpforms-810-field_2-container\"\n\t\t\tclass=\"wpforms-field wpforms-field-text\"\n\t\t\tdata-field-type=\"text\"\n\t\t\tdata-field-id=\"2\"\n\t\t\t>\n\t\t\t<label class=\"wpforms-field-label\" for=\"wpforms-810-field_2\" >Email Marketing consent<\/label>\n\t\t\t<input type=\"text\" id=\"wpforms-810-field_2\" class=\"wpforms-field-medium\" name=\"wpforms[fields][2]\" >\n\t\t<\/div>\n\t\t<div id=\"wpforms-810-field_1-container\" class=\"wpforms-field wpforms-field-email\" data-field-id=\"1\"><label class=\"wpforms-field-label\" for=\"wpforms-810-field_1\">Email <span class=\"wpforms-required-label\" aria-hidden=\"true\">*<\/span><\/label><input type=\"email\" id=\"wpforms-810-field_1\" class=\"wpforms-field-medium wpforms-field-required\" name=\"wpforms[fields][1]\" spellcheck=\"false\" aria-errormessage=\"wpforms-810-field_1-error\" required><\/div><div id=\"wpforms-810-field_5-container\" class=\"wpforms-field wpforms-field-checkbox\" data-field-id=\"5\"><fieldset><legend class=\"wpforms-field-label wpforms-label-hide\" aria-hidden=\"false\">Marketing email consent<\/legend><ul id=\"wpforms-810-field_5\"><li class=\"choice-1 depth-1\"><input type=\"checkbox\" id=\"wpforms-810-field_5_1\" name=\"wpforms[fields][5][]\" value=\"Please check here to join our email list.\" aria-errormessage=\"wpforms-810-field_5_1-error\"  ><label class=\"wpforms-field-label-inline\" for=\"wpforms-810-field_5_1\">Please check here to join our email list.<\/label><\/li><\/ul><\/fieldset><\/div><script>\n\t\t\t\t( function() {\n\t\t\t\t\tconst style = document.createElement( 'style' );\n\t\t\t\t\tstyle.appendChild( document.createTextNode( '#wpforms-810-field_2-container { position: absolute !important; overflow: hidden !important; display: inline !important; height: 1px !important; width: 1px !important; z-index: -1000 !important; padding: 0 !important; } #wpforms-810-field_2-container input { visibility: hidden; } #wpforms-conversational-form-page #wpforms-810-field_2-container label { counter-increment: none; }' ) );\n\t\t\t\t\tdocument.head.appendChild( style );\n\t\t\t\t\tdocument.currentScript?.remove();\n\t\t\t\t} )();\n\t\t\t<\/script><\/div><!-- .wpforms-field-container --><div class=\"wpforms-submit-container\" ><input type=\"hidden\" name=\"wpforms[id]\" value=\"810\"><input type=\"hidden\" name=\"page_title\" value=\"\"><input type=\"hidden\" name=\"page_url\" value=\"https:\/\/likealights.com\/cs\/wp-json\/wp\/v2\/pages\/807\"><input type=\"hidden\" name=\"url_referer\" value=\"\"><button type=\"submit\" name=\"wpforms[submit]\" id=\"wpforms-submit-810\" class=\"wpforms-submit\" data-alt-text=\"Sending...\" data-submit-text=\"Submit\" aria-live=\"assertive\" value=\"wpforms-submit\">Submit<\/button><img decoding=\"async\" src=\"https:\/\/likealights.com\/wp-content\/plugins\/wpforms-lite\/assets\/images\/submit-spin.svg\" class=\"wpforms-submit-spinner\" style=\"display: none;\" width=\"26\" height=\"26\" alt=\"Na\u010d\u00edt\u00e1n\u00ed\"><\/div><\/form><\/div>  <!-- .wpforms-container -->\t\t\t\t<\/div>\n\t\t\t\t<\/div>\n\t\t\t\t<div class=\"elementor-element elementor-element-717a9fc elementor-widget elementor-widget-spacer\" data-id=\"717a9fc\" data-element_type=\"widget\" data-e-type=\"widget\" data-widget_type=\"spacer.default\">\n\t\t\t\t<div class=\"elementor-widget-container\">\n\t\t\t\t\t\t\t<div class=\"elementor-spacer\">\n\t\t\t<div class=\"elementor-spacer-inner\"><\/div>\n\t\t<\/div>\n\t\t\t\t\t\t<\/div>\n\t\t\t\t<\/div>\n\t\t\t\t<div class=\"elementor-element elementor-element-ffe37e0 elementor-position-left elementor-vertical-align-top elementor-widget elementor-widget-image-box\" data-id=\"ffe37e0\" data-element_type=\"widget\" data-e-type=\"widget\" data-widget_type=\"image-box.default\">\n\t\t\t\t<div class=\"elementor-widget-container\">\n\t\t\t\t\t<div class=\"elementor-image-box-wrapper\"><figure class=\"elementor-image-box-img\"><img fetchpriority=\"high\" decoding=\"async\" width=\"533\" height=\"345\" src=\"https:\/\/likealights.com\/wp-content\/uploads\/2025\/10\/LkL_Checklist_Image-e1771664700946.jpg\" class=\"attachment-full size-full wp-image-823\" alt=\"Free checklist preview\" srcset=\"https:\/\/likealights.com\/wp-content\/uploads\/2025\/10\/LkL_Checklist_Image-e1771664700946.jpg 533w, https:\/\/likealights.com\/wp-content\/uploads\/2025\/10\/LkL_Checklist_Image-e1771664700946-300x194.jpg 300w, https:\/\/likealights.com\/wp-content\/uploads\/2025\/10\/LkL_Checklist_Image-e1771664700946-18x12.jpg 18w\" sizes=\"(max-width: 533px) 100vw, 533px\" \/><\/figure><div class=\"elementor-image-box-content\"><h3 class=\"elementor-image-box-title\">Our GA4 and GTM Free Checklist<\/h3><p class=\"elementor-image-box-description\">This is just a quick preview of the contents of this checklist. If you want to get your own free copy, please fill out the form.<\/p><\/div><\/div>\t\t\t\t<\/div>\n\t\t\t\t<\/div>\n\t\t\t\t<div class=\"elementor-element elementor-element-b894d60 elementor-widget elementor-widget-spacer\" data-id=\"b894d60\" data-element_type=\"widget\" data-e-type=\"widget\" data-widget_type=\"spacer.default\">\n\t\t\t\t<div class=\"elementor-widget-container\">\n\t\t\t\t\t\t\t<div class=\"elementor-spacer\">\n\t\t\t<div class=\"elementor-spacer-inner\"><\/div>\n\t\t<\/div>\n\t\t\t\t\t\t<\/div>\n\t\t\t\t<\/div>\n\t\t\t\t\t<\/div>\n\t\t\t\t<\/div>\n\t\t<div class=\"elementor-element elementor-element-57d9847 e-flex e-con-boxed e-con e-parent\" data-id=\"57d9847\" data-element_type=\"container\" data-e-type=\"container\" data-settings=\"{&quot;background_background&quot;:&quot;classic&quot;}\">\n\t\t\t\t\t<div class=\"e-con-inner\">\n\t\t<div class=\"elementor-element elementor-element-2f54e2b e-grid e-con-boxed e-con e-child\" data-id=\"2f54e2b\" data-element_type=\"container\" data-e-type=\"container\">\n\t\t\t\t\t<div class=\"e-con-inner\">\n\t\t\t\t<div class=\"elementor-element elementor-element-e2b09f3 elementor-widget elementor-widget-heading\" data-id=\"e2b09f3\" data-element_type=\"widget\" data-e-type=\"widget\" data-widget_type=\"heading.default\">\n\t\t\t\t<div class=\"elementor-widget-container\">\n\t\t\t\t\t<h2 class=\"elementor-heading-title elementor-size-default\">Get started with a 30 days Free Trial \u2192<\/h2>\t\t\t\t<\/div>\n\t\t\t\t<\/div>\n\t\t\t\t<div class=\"elementor-element elementor-element-1e0f3ba elementor-align-center elementor-widget elementor-widget-button\" data-id=\"1e0f3ba\" data-element_type=\"widget\" data-e-type=\"widget\" data-widget_type=\"button.default\">\n\t\t\t\t<div class=\"elementor-widget-container\">\n\t\t\t\t\t\t\t\t\t<div class=\"elementor-button-wrapper\">\n\t\t\t\t\t<a class=\"elementor-button elementor-button-link elementor-size-sm elementor-animation-rotate\" href=\"https:\/\/likealights.com\/contact-us\/\">\n\t\t\t\t\t\t<span class=\"elementor-button-content-wrapper\">\n\t\t\t\t\t\t\t\t\t<span class=\"elementor-button-text\">Schedule First Call<\/span>\n\t\t\t\t\t<\/span>\n\t\t\t\t\t<\/a>\n\t\t\t\t<\/div>\n\t\t\t\t\t\t\t\t<\/div>\n\t\t\t\t<\/div>\n\t\t\t\t\t<\/div>\n\t\t\t\t<\/div>\n\t\t\t\t\t<\/div>\n\t\t\t\t<\/div>\n\t\t\t\t<\/div>\n\t\t","protected":false},"excerpt":{"rendered":"<p>Free checklist You need to check some stuff?? To get your free professional Google Analytics checklist, please fill out the form below. Please enable JavaScript in your browser to complete this form.Please enable JavaScript in your browser to complete this form. Name * FirstLast Email * Marketing email consent Please check here to join our [&hellip;]<\/p>\n","protected":false},"author":1234567,"featured_media":0,"parent":0,"menu_order":0,"comment_status":"closed","ping_status":"closed","template":"elementor_canvas","meta":{"_monsterinsights_skip_tracking":false,"_monsterinsights_sitenote_active":false,"_monsterinsights_sitenote_note":"","_monsterinsights_sitenote_category":0,"_uf_show_specific_survey":0,"_uf_disable_surveys":false,"footnotes":""},"class_list":["post-807","page","type-page","status-publish","hentry"],"yoast_head":"<!-- This site is optimized with the Yoast SEO plugin v27.5 - https:\/\/yoast.com\/product\/yoast-seo-wordpress\/ -->\n<title>Free GA4 &amp; GTM Checklist | Google Analytics Setup<\/title>\n<meta name=\"description\" content=\"Download our free Google Analytics 4 and Google Tag Manager checklist. Make sure your GA4 tracking and conversion data are set up correctly.\" \/>\n<meta name=\"robots\" content=\"index, follow, max-snippet:-1, max-image-preview:large, max-video-preview:-1\" \/>\n<link rel=\"canonical\" href=\"https:\/\/likealights.com\/cs\/free-checklist\/\" \/>\n<meta property=\"og:locale\" content=\"cs_CZ\" \/>\n<meta property=\"og:type\" content=\"article\" \/>\n<meta property=\"og:title\" content=\"Free GA4 &amp; GTM Checklist | Google Analytics Setup\" \/>\n<meta property=\"og:description\" content=\"Download our free Google Analytics 4 and Google Tag Manager checklist. Make sure your GA4 tracking and conversion data are set up correctly.\" \/>\n<meta property=\"og:url\" content=\"https:\/\/likealights.com\/cs\/free-checklist\/\" \/>\n<meta property=\"og:site_name\" content=\"Like a Lights\" \/>\n<meta property=\"article:publisher\" content=\"https:\/\/www.facebook.com\/profile.php?id=61556518541469\" \/>\n<meta property=\"article:modified_time\" content=\"2026-02-28T10:38:02+00:00\" \/>\n<meta property=\"og:image\" content=\"https:\/\/likealights.com\/wp-content\/plugins\/wpforms-lite\/assets\/images\/submit-spin.svg\" \/>\n<meta name=\"twitter:card\" content=\"summary_large_image\" \/>\n<meta name=\"twitter:label1\" content=\"Odhadovan\u00e1 doba \u010dten\u00ed\" \/>\n\t<meta name=\"twitter:data1\" content=\"1 minuta\" \/>\n<script type=\"application\/ld+json\" class=\"yoast-schema-graph\">{\"@context\":\"https:\\\/\\\/schema.org\",\"@graph\":[{\"@type\":\"WebPage\",\"@id\":\"https:\\\/\\\/likealights.com\\\/free-checklist\\\/\",\"url\":\"https:\\\/\\\/likealights.com\\\/free-checklist\\\/\",\"name\":\"Free GA4 & GTM Checklist | Google Analytics Setup\",\"isPartOf\":{\"@id\":\"https:\\\/\\\/likealights.com\\\/#website\"},\"primaryImageOfPage\":{\"@id\":\"https:\\\/\\\/likealights.com\\\/free-checklist\\\/#primaryimage\"},\"image\":{\"@id\":\"https:\\\/\\\/likealights.com\\\/free-checklist\\\/#primaryimage\"},\"thumbnailUrl\":\"https:\\\/\\\/likealights.com\\\/wp-content\\\/plugins\\\/wpforms-lite\\\/assets\\\/images\\\/submit-spin.svg\",\"datePublished\":\"2025-10-26T09:50:10+00:00\",\"dateModified\":\"2026-02-28T10:38:02+00:00\",\"description\":\"Download our free Google Analytics 4 and Google Tag Manager checklist. Make sure your GA4 tracking and conversion data are set up correctly.\",\"breadcrumb\":{\"@id\":\"https:\\\/\\\/likealights.com\\\/free-checklist\\\/#breadcrumb\"},\"inLanguage\":\"cs\",\"potentialAction\":[{\"@type\":\"ReadAction\",\"target\":[\"https:\\\/\\\/likealights.com\\\/free-checklist\\\/\"]}]},{\"@type\":\"ImageObject\",\"inLanguage\":\"cs\",\"@id\":\"https:\\\/\\\/likealights.com\\\/free-checklist\\\/#primaryimage\",\"url\":\"https:\\\/\\\/likealights.com\\\/wp-content\\\/plugins\\\/wpforms-lite\\\/assets\\\/images\\\/submit-spin.svg\",\"contentUrl\":\"https:\\\/\\\/likealights.com\\\/wp-content\\\/plugins\\\/wpforms-lite\\\/assets\\\/images\\\/submit-spin.svg\"},{\"@type\":\"BreadcrumbList\",\"@id\":\"https:\\\/\\\/likealights.com\\\/free-checklist\\\/#breadcrumb\",\"itemListElement\":[{\"@type\":\"ListItem\",\"position\":1,\"name\":\"Home\",\"item\":\"https:\\\/\\\/likealights.com\\\/\"},{\"@type\":\"ListItem\",\"position\":2,\"name\":\"Free Checklist\"}]},{\"@type\":\"WebSite\",\"@id\":\"https:\\\/\\\/likealights.com\\\/#website\",\"url\":\"https:\\\/\\\/likealights.com\\\/\",\"name\":\"Like a Lights\",\"description\":\"Google Ads a Email Marketing Agency\",\"publisher\":{\"@id\":\"https:\\\/\\\/likealights.com\\\/#organization\"},\"potentialAction\":[{\"@type\":\"SearchAction\",\"target\":{\"@type\":\"EntryPoint\",\"urlTemplate\":\"https:\\\/\\\/likealights.com\\\/?s={search_term_string}\"},\"query-input\":{\"@type\":\"PropertyValueSpecification\",\"valueRequired\":true,\"valueName\":\"search_term_string\"}}],\"inLanguage\":\"cs\"},{\"@type\":\"Organization\",\"@id\":\"https:\\\/\\\/likealights.com\\\/#organization\",\"name\":\"Like a Lights\",\"url\":\"https:\\\/\\\/likealights.com\\\/\",\"logo\":{\"@type\":\"ImageObject\",\"inLanguage\":\"cs\",\"@id\":\"https:\\\/\\\/likealights.com\\\/#\\\/schema\\\/logo\\\/image\\\/\",\"url\":\"https:\\\/\\\/likealights.com\\\/wp-content\\\/uploads\\\/2024\\\/01\\\/qhqpuqsm.png\",\"contentUrl\":\"https:\\\/\\\/likealights.com\\\/wp-content\\\/uploads\\\/2024\\\/01\\\/qhqpuqsm.png\",\"width\":500,\"height\":500,\"caption\":\"Like a Lights\"},\"image\":{\"@id\":\"https:\\\/\\\/likealights.com\\\/#\\\/schema\\\/logo\\\/image\\\/\"},\"sameAs\":[\"https:\\\/\\\/www.facebook.com\\\/profile.php?id=61556518541469\",\"https:\\\/\\\/www.instagram.com\\\/likealightsagency\\\/\"]}]}<\/script>\n<!-- \/ Yoast SEO plugin. -->","yoast_head_json":{"title":"Free GA4 & GTM Checklist | Google Analytics Setup","description":"Download our free Google Analytics 4 and Google Tag Manager checklist. Make sure your GA4 tracking and conversion data are set up correctly.","robots":{"index":"index","follow":"follow","max-snippet":"max-snippet:-1","max-image-preview":"max-image-preview:large","max-video-preview":"max-video-preview:-1"},"canonical":"https:\/\/likealights.com\/cs\/free-checklist\/","og_locale":"cs_CZ","og_type":"article","og_title":"Free GA4 & GTM Checklist | Google Analytics Setup","og_description":"Download our free Google Analytics 4 and Google Tag Manager checklist. Make sure your GA4 tracking and conversion data are set up correctly.","og_url":"https:\/\/likealights.com\/cs\/free-checklist\/","og_site_name":"Like a Lights","article_publisher":"https:\/\/www.facebook.com\/profile.php?id=61556518541469","article_modified_time":"2026-02-28T10:38:02+00:00","og_image":[{"url":"https:\/\/likealights.com\/wp-content\/plugins\/wpforms-lite\/assets\/images\/submit-spin.svg","type":"","width":"","height":""}],"twitter_card":"summary_large_image","twitter_misc":{"Odhadovan\u00e1 doba \u010dten\u00ed":"1 minuta"},"schema":{"@context":"https:\/\/schema.org","@graph":[{"@type":"WebPage","@id":"https:\/\/likealights.com\/free-checklist\/","url":"https:\/\/likealights.com\/free-checklist\/","name":"Free GA4 & GTM Checklist | Google Analytics Setup","isPartOf":{"@id":"https:\/\/likealights.com\/#website"},"primaryImageOfPage":{"@id":"https:\/\/likealights.com\/free-checklist\/#primaryimage"},"image":{"@id":"https:\/\/likealights.com\/free-checklist\/#primaryimage"},"thumbnailUrl":"https:\/\/likealights.com\/wp-content\/plugins\/wpforms-lite\/assets\/images\/submit-spin.svg","datePublished":"2025-10-26T09:50:10+00:00","dateModified":"2026-02-28T10:38:02+00:00","description":"Download our free Google Analytics 4 and Google Tag Manager checklist. Make sure your GA4 tracking and conversion data are set up correctly.","breadcrumb":{"@id":"https:\/\/likealights.com\/free-checklist\/#breadcrumb"},"inLanguage":"cs","potentialAction":[{"@type":"ReadAction","target":["https:\/\/likealights.com\/free-checklist\/"]}]},{"@type":"ImageObject","inLanguage":"cs","@id":"https:\/\/likealights.com\/free-checklist\/#primaryimage","url":"https:\/\/likealights.com\/wp-content\/plugins\/wpforms-lite\/assets\/images\/submit-spin.svg","contentUrl":"https:\/\/likealights.com\/wp-content\/plugins\/wpforms-lite\/assets\/images\/submit-spin.svg"},{"@type":"BreadcrumbList","@id":"https:\/\/likealights.com\/free-checklist\/#breadcrumb","itemListElement":[{"@type":"ListItem","position":1,"name":"Home","item":"https:\/\/likealights.com\/"},{"@type":"ListItem","position":2,"name":"Free Checklist"}]},{"@type":"WebSite","@id":"https:\/\/likealights.com\/#website","url":"https:\/\/likealights.com\/","name":"Like a Lights","description":"Google Ads a Email Marketing Agency","publisher":{"@id":"https:\/\/likealights.com\/#organization"},"potentialAction":[{"@type":"SearchAction","target":{"@type":"EntryPoint","urlTemplate":"https:\/\/likealights.com\/?s={search_term_string}"},"query-input":{"@type":"PropertyValueSpecification","valueRequired":true,"valueName":"search_term_string"}}],"inLanguage":"cs"},{"@type":"Organization","@id":"https:\/\/likealights.com\/#organization","name":"Like a Lights","url":"https:\/\/likealights.com\/","logo":{"@type":"ImageObject","inLanguage":"cs","@id":"https:\/\/likealights.com\/#\/schema\/logo\/image\/","url":"https:\/\/likealights.com\/wp-content\/uploads\/2024\/01\/qhqpuqsm.png","contentUrl":"https:\/\/likealights.com\/wp-content\/uploads\/2024\/01\/qhqpuqsm.png","width":500,"height":500,"caption":"Like a Lights"},"image":{"@id":"https:\/\/likealights.com\/#\/schema\/logo\/image\/"},"sameAs":["https:\/\/www.facebook.com\/profile.php?id=61556518541469","https:\/\/www.instagram.com\/likealightsagency\/"]}]}},"featured_media_urls":[],"rttpg_featured_image_url":null,"rttpg_author":{"display_name":"stanislav talafous","author_link":"https:\/\/likealights.com\/cs\/author\/stanislav-talafous\/"},"rttpg_comment":0,"rttpg_category":null,"rttpg_excerpt":"Free checklist You need to check some stuff?? To get your free professional Google Analytics checklist, please fill out the form below. Please enable JavaScript in your browser to complete this form.Please enable JavaScript in your browser to complete this form. Name * FirstLast Email * Marketing email consent Please check here to join our&hellip;","_links":{"self":[{"href":"https:\/\/likealights.com\/cs\/wp-json\/wp\/v2\/pages\/807","targetHints":{"allow":["GET"]}}],"collection":[{"href":"https:\/\/likealights.com\/cs\/wp-json\/wp\/v2\/pages"}],"about":[{"href":"https:\/\/likealights.com\/cs\/wp-json\/wp\/v2\/types\/page"}],"author":[{"embeddable":true,"href":"https:\/\/likealights.com\/cs\/wp-json\/wp\/v2\/users\/1234567"}],"replies":[{"embeddable":true,"href":"https:\/\/likealights.com\/cs\/wp-json\/wp\/v2\/comments?post=807"}],"version-history":[{"count":31,"href":"https:\/\/likealights.com\/cs\/wp-json\/wp\/v2\/pages\/807\/revisions"}],"predecessor-version":[{"id":1368,"href":"https:\/\/likealights.com\/cs\/wp-json\/wp\/v2\/pages\/807\/revisions\/1368"}],"wp:attachment":[{"href":"https:\/\/likealights.com\/cs\/wp-json\/wp\/v2\/media?parent=807"}],"curies":[{"name":"wp","href":"https:\/\/api.w.org\/{rel}","templated":true}]}}