{"id":830,"date":"2025-10-30T11:53:39","date_gmt":"2025-10-30T10:53:39","guid":{"rendered":"https:\/\/likealights.com\/?page_id=830"},"modified":"2026-02-28T11:36:16","modified_gmt":"2026-02-28T10:36:16","slug":"free-calculator","status":"publish","type":"page","link":"https:\/\/likealights.com\/cs\/free-calculator\/","title":{"rendered":"Free Kalkula\u010dka"},"content":{"rendered":"\t\t<div data-elementor-type=\"wp-page\" data-elementor-id=\"830\" class=\"elementor elementor-830\">\n\t\t\t\t<div class=\"elementor-element elementor-element-c733106 e-flex e-con-boxed e-con e-parent\" data-id=\"c733106\" data-element_type=\"container\" data-e-type=\"container\" data-settings=\"{&quot;background_background&quot;:&quot;slideshow&quot;,&quot;background_slideshow_gallery&quot;:[{&quot;id&quot;:973,&quot;url&quot;:&quot;https:\\\/\\\/likealights.com\\\/wp-content\\\/uploads\\\/2026\\\/01\\\/Space_back.jpg&quot;}],&quot;background_slideshow_loop&quot;:&quot;yes&quot;,&quot;background_slideshow_slide_duration&quot;:5000,&quot;background_slideshow_slide_transition&quot;:&quot;fade&quot;,&quot;background_slideshow_transition_duration&quot;:500}\">\n\t\t\t\t\t<div class=\"e-con-inner\">\n\t\t\t\t<div class=\"elementor-element elementor-element-866d707 elementor-widget elementor-widget-spacer\" data-id=\"866d707\" data-element_type=\"widget\" data-e-type=\"widget\" data-widget_type=\"spacer.default\">\n\t\t\t\t<div class=\"elementor-widget-container\">\n\t\t\t\t\t\t\t<div class=\"elementor-spacer\">\n\t\t\t<div class=\"elementor-spacer-inner\"><\/div>\n\t\t<\/div>\n\t\t\t\t\t\t<\/div>\n\t\t\t\t<\/div>\n\t\t\t\t<div class=\"elementor-element elementor-element-ea21eda elementor-widget elementor-widget-heading\" data-id=\"ea21eda\" data-element_type=\"widget\" data-e-type=\"widget\" data-widget_type=\"heading.default\">\n\t\t\t\t<div class=\"elementor-widget-container\">\n\t\t\t\t\t<h3 class=\"elementor-heading-title elementor-size-default\">Free Calculator<\/h3>\t\t\t\t<\/div>\n\t\t\t\t<\/div>\n\t\t\t\t<div class=\"elementor-element elementor-element-7618686 elementor-widget elementor-widget-heading\" data-id=\"7618686\" data-element_type=\"widget\" data-e-type=\"widget\" data-widget_type=\"heading.default\">\n\t\t\t\t<div class=\"elementor-widget-container\">\n\t\t\t\t\t<h2 class=\"elementor-heading-title elementor-size-default\">You need to calculate some stuff??<\/h2>\t\t\t\t<\/div>\n\t\t\t\t<\/div>\n\t\t\t\t<div class=\"elementor-element elementor-element-0ba57bf elementor-widget elementor-widget-text-editor\" data-id=\"0ba57bf\" data-element_type=\"widget\" data-e-type=\"widget\" data-widget_type=\"text-editor.default\">\n\t\t\t\t<div class=\"elementor-widget-container\">\n\t\t\t\t\t\t\t\t\t<p>To get your free professional <strong>Google Ads Calculator<\/strong>, please fill out the form below.<\/p>\t\t\t\t\t\t\t\t<\/div>\n\t\t\t\t<\/div>\n\t\t\t\t<div class=\"elementor-element elementor-element-5240a05 elementor-widget elementor-widget-wpforms\" data-id=\"5240a05\" data-element_type=\"widget\" data-e-type=\"widget\" data-widget_type=\"wpforms.default\">\n\t\t\t\t<div class=\"elementor-widget-container\">\n\t\t\t\t\t<style id=\"wpforms-css-vars-elementor-widget-5240a05\">\n\t\t\t\t.elementor-widget-wpforms.elementor-element-5240a05 {\n\t\t\t\t--wpforms-field-text-color: #000000;\n--wpforms-label-color: #000000;\n--wpforms-label-sublabel-color: #000000;\n--wpforms-label-error-color: #FBD00D;\n--wpforms-button-background-color: #FBD00D;\n--wpforms-button-text-color: #000000;\n\t\t\t}\n\t\t\t<\/style><div class=\"wpforms-container wpforms-container-full wpforms-render-modern\" id=\"wpforms-832\"><form id=\"wpforms-form-832\" class=\"wpforms-validate wpforms-form wpforms-ajax-form\" data-formid=\"832\" method=\"post\" enctype=\"multipart\/form-data\" action=\"\/cs\/wp-json\/wp\/v2\/pages\/830\" data-token=\"a6137cc300fba7a6c098abaeb58b5189\" data-token-time=\"1778159935\"><noscript class=\"wpforms-error-noscript\">Chcete-li vyplnit tento formul\u00e1\u0159, pros\u00edm povolte v prohl\u00ed\u017ee\u010di JavaScript.<\/noscript><div id=\"wpforms-error-noscript\" style=\"display: none;\">Chcete-li vyplnit tento formul\u00e1\u0159, pros\u00edm povolte v prohl\u00ed\u017ee\u010di JavaScript.<\/div><div class=\"wpforms-field-container\"><div id=\"wpforms-832-field_0-container\" class=\"wpforms-field wpforms-field-name\" data-field-id=\"0\"><fieldset><legend class=\"wpforms-field-label\">Name <span class=\"wpforms-required-label\" aria-hidden=\"true\">*<\/span><\/legend><div class=\"wpforms-field-row wpforms-field-medium\"><div class=\"wpforms-field-row-block wpforms-first wpforms-one-half\"><input type=\"text\" id=\"wpforms-832-field_0\" class=\"wpforms-field-name-first wpforms-field-required\" name=\"wpforms[fields][0][first]\" aria-errormessage=\"wpforms-832-field_0-error\" required><label for=\"wpforms-832-field_0\" class=\"wpforms-field-sublabel after\">K\u0159estn\u00ed jm\u00e9no<\/label><\/div><div class=\"wpforms-field-row-block wpforms-one-half\"><input type=\"text\" id=\"wpforms-832-field_0-last\" class=\"wpforms-field-name-last wpforms-field-required\" name=\"wpforms[fields][0][last]\" aria-errormessage=\"wpforms-832-field_0-last-error\" required><label for=\"wpforms-832-field_0-last\" class=\"wpforms-field-sublabel after\">P\u0159\u00edjmen\u00ed<\/label><\/div><\/div><\/fieldset><\/div>\t\t<div id=\"wpforms-832-field_2-container\"\n\t\t\tclass=\"wpforms-field wpforms-field-text\"\n\t\t\tdata-field-type=\"text\"\n\t\t\tdata-field-id=\"2\"\n\t\t\t>\n\t\t\t<label class=\"wpforms-field-label\" for=\"wpforms-832-field_2\" >Marketing Email email<\/label>\n\t\t\t<input type=\"text\" id=\"wpforms-832-field_2\" class=\"wpforms-field-medium\" name=\"wpforms[fields][2]\" >\n\t\t<\/div>\n\t\t<div id=\"wpforms-832-field_1-container\" class=\"wpforms-field wpforms-field-email\" data-field-id=\"1\"><label class=\"wpforms-field-label\" for=\"wpforms-832-field_1\">Email <span class=\"wpforms-required-label\" aria-hidden=\"true\">*<\/span><\/label><input type=\"email\" id=\"wpforms-832-field_1\" class=\"wpforms-field-medium wpforms-field-required\" name=\"wpforms[fields][1]\" spellcheck=\"false\" aria-errormessage=\"wpforms-832-field_1-error\" required><\/div><div id=\"wpforms-832-field_5-container\" class=\"wpforms-field wpforms-field-checkbox\" data-field-id=\"5\"><fieldset><legend class=\"wpforms-field-label wpforms-label-hide\" aria-hidden=\"false\">Marketing email consent<\/legend><ul id=\"wpforms-832-field_5\"><li class=\"choice-1 depth-1\"><input type=\"checkbox\" id=\"wpforms-832-field_5_1\" name=\"wpforms[fields][5][]\" value=\"Please check here to join our email list.\" aria-errormessage=\"wpforms-832-field_5_1-error\"  ><label class=\"wpforms-field-label-inline\" for=\"wpforms-832-field_5_1\">Please check here to join our email list.<\/label><\/li><\/ul><\/fieldset><\/div><script>\n\t\t\t\t( function() {\n\t\t\t\t\tconst style = document.createElement( 'style' );\n\t\t\t\t\tstyle.appendChild( document.createTextNode( '#wpforms-832-field_2-container { position: absolute !important; overflow: hidden !important; display: inline !important; height: 1px !important; width: 1px !important; z-index: -1000 !important; padding: 0 !important; } #wpforms-832-field_2-container input { visibility: hidden; } #wpforms-conversational-form-page #wpforms-832-field_2-container label { counter-increment: none; }' ) );\n\t\t\t\t\tdocument.head.appendChild( style );\n\t\t\t\t\tdocument.currentScript?.remove();\n\t\t\t\t} )();\n\t\t\t<\/script><\/div><!-- .wpforms-field-container --><div class=\"wpforms-submit-container\" ><input type=\"hidden\" name=\"wpforms[id]\" value=\"832\"><input type=\"hidden\" name=\"page_title\" value=\"\"><input type=\"hidden\" name=\"page_url\" value=\"https:\/\/likealights.com\/cs\/wp-json\/wp\/v2\/pages\/830\"><input type=\"hidden\" name=\"url_referer\" value=\"\"><button type=\"submit\" name=\"wpforms[submit]\" id=\"wpforms-submit-832\" class=\"wpforms-submit\" data-alt-text=\"Sending...\" data-submit-text=\"Submit\" aria-live=\"assertive\" value=\"wpforms-submit\">Submit<\/button><img decoding=\"async\" src=\"https:\/\/likealights.com\/wp-content\/plugins\/wpforms-lite\/assets\/images\/submit-spin.svg\" class=\"wpforms-submit-spinner\" style=\"display: none;\" width=\"26\" height=\"26\" alt=\"Na\u010d\u00edt\u00e1n\u00ed\"><\/div><\/form><\/div>  <!-- .wpforms-container -->\t\t\t\t<\/div>\n\t\t\t\t<\/div>\n\t\t\t\t<div class=\"elementor-element elementor-element-54b6261 elementor-widget elementor-widget-spacer\" data-id=\"54b6261\" data-element_type=\"widget\" data-e-type=\"widget\" data-widget_type=\"spacer.default\">\n\t\t\t\t<div class=\"elementor-widget-container\">\n\t\t\t\t\t\t\t<div class=\"elementor-spacer\">\n\t\t\t<div class=\"elementor-spacer-inner\"><\/div>\n\t\t<\/div>\n\t\t\t\t\t\t<\/div>\n\t\t\t\t<\/div>\n\t\t\t\t<div class=\"elementor-element elementor-element-6cd8bf1 elementor-widget elementor-widget-spacer\" data-id=\"6cd8bf1\" data-element_type=\"widget\" data-e-type=\"widget\" data-widget_type=\"spacer.default\">\n\t\t\t\t<div class=\"elementor-widget-container\">\n\t\t\t\t\t\t\t<div class=\"elementor-spacer\">\n\t\t\t<div class=\"elementor-spacer-inner\"><\/div>\n\t\t<\/div>\n\t\t\t\t\t\t<\/div>\n\t\t\t\t<\/div>\n\t\t\t\t<div class=\"elementor-element elementor-element-b3ae576 elementor-position-left elementor-vertical-align-top elementor-widget elementor-widget-image-box\" data-id=\"b3ae576\" data-element_type=\"widget\" data-e-type=\"widget\" data-widget_type=\"image-box.default\">\n\t\t\t\t<div class=\"elementor-widget-container\">\n\t\t\t\t\t<div class=\"elementor-image-box-wrapper\"><figure class=\"elementor-image-box-img\"><img fetchpriority=\"high\" decoding=\"async\" width=\"511\" height=\"367\" src=\"https:\/\/likealights.com\/wp-content\/uploads\/2025\/10\/free_calculator_image-e1771664799472.png\" class=\"attachment-full size-full wp-image-839\" alt=\"Free calculator preview\" srcset=\"https:\/\/likealights.com\/wp-content\/uploads\/2025\/10\/free_calculator_image-e1771664799472.png 511w, https:\/\/likealights.com\/wp-content\/uploads\/2025\/10\/free_calculator_image-e1771664799472-300x215.png 300w, https:\/\/likealights.com\/wp-content\/uploads\/2025\/10\/free_calculator_image-e1771664799472-18x12.png 18w\" sizes=\"(max-width: 511px) 100vw, 511px\" \/><\/figure><div class=\"elementor-image-box-content\"><h3 class=\"elementor-image-box-title\">Our Google Ads Calculator<\/h3><p class=\"elementor-image-box-description\">This is just a quick preview of the contents of this calculator. If you want to get your own free copy, please fill out the form. Using this calculator you can determine your ROAS, Max CPC Bid, Breakeven ROAS and much more.<\/p><\/div><\/div>\t\t\t\t<\/div>\n\t\t\t\t<\/div>\n\t\t\t\t<div class=\"elementor-element elementor-element-88857a5 elementor-widget elementor-widget-spacer\" data-id=\"88857a5\" data-element_type=\"widget\" data-e-type=\"widget\" data-widget_type=\"spacer.default\">\n\t\t\t\t<div class=\"elementor-widget-container\">\n\t\t\t\t\t\t\t<div class=\"elementor-spacer\">\n\t\t\t<div class=\"elementor-spacer-inner\"><\/div>\n\t\t<\/div>\n\t\t\t\t\t\t<\/div>\n\t\t\t\t<\/div>\n\t\t\t\t\t<\/div>\n\t\t\t\t<\/div>\n\t\t\t\t<\/div>\n\t\t","protected":false},"excerpt":{"rendered":"<p>Free Calculator You need to calculate some stuff?? To get your free professional Google Ads Calculator, please fill out the form below. Please enable JavaScript in your browser to complete this form.Please enable JavaScript in your browser to complete this form. Name * FirstLast Email * Marketing email consent Please check here to join our [&hellip;]<\/p>\n","protected":false},"author":1234567,"featured_media":0,"parent":0,"menu_order":0,"comment_status":"closed","ping_status":"closed","template":"elementor_canvas","meta":{"_monsterinsights_skip_tracking":false,"_monsterinsights_sitenote_active":false,"_monsterinsights_sitenote_note":"","_monsterinsights_sitenote_category":0,"_uf_show_specific_survey":0,"_uf_disable_surveys":false,"footnotes":""},"class_list":["post-830","page","type-page","status-publish","hentry"],"yoast_head":"<!-- This site is optimized with the Yoast SEO plugin v27.5 - https:\/\/yoast.com\/product\/yoast-seo-wordpress\/ -->\n<title>Free Google Ads Calculator | ROAS &amp; Max CPC Tool<\/title>\n<meta name=\"description\" content=\"Free Google Ads calculator to calculate ROAS, Max CPC bid and breakeven ROAS. Download your professional PPC calculator and optimize campaign\" \/>\n<meta name=\"robots\" content=\"index, follow, max-snippet:-1, max-image-preview:large, max-video-preview:-1\" \/>\n<link rel=\"canonical\" href=\"https:\/\/likealights.com\/cs\/free-calculator\/\" \/>\n<meta property=\"og:locale\" content=\"cs_CZ\" \/>\n<meta property=\"og:type\" content=\"article\" \/>\n<meta property=\"og:title\" content=\"Free Google Ads Calculator | ROAS &amp; Max CPC Tool\" \/>\n<meta property=\"og:description\" content=\"Free Google Ads calculator to calculate ROAS, Max CPC bid and breakeven ROAS. Download your professional PPC calculator and optimize campaign\" \/>\n<meta property=\"og:url\" content=\"https:\/\/likealights.com\/cs\/free-calculator\/\" \/>\n<meta property=\"og:site_name\" content=\"Like a Lights\" \/>\n<meta property=\"article:publisher\" content=\"https:\/\/www.facebook.com\/profile.php?id=61556518541469\" \/>\n<meta property=\"article:modified_time\" content=\"2026-02-28T10:36:16+00:00\" \/>\n<meta property=\"og:image\" content=\"https:\/\/likealights.com\/wp-content\/plugins\/wpforms-lite\/assets\/images\/submit-spin.svg\" \/>\n<meta name=\"twitter:card\" content=\"summary_large_image\" \/>\n<meta name=\"twitter:label1\" content=\"Odhadovan\u00e1 doba \u010dten\u00ed\" \/>\n\t<meta name=\"twitter:data1\" content=\"1 minuta\" \/>\n<script type=\"application\/ld+json\" class=\"yoast-schema-graph\">{\"@context\":\"https:\\\/\\\/schema.org\",\"@graph\":[{\"@type\":\"WebPage\",\"@id\":\"https:\\\/\\\/likealights.com\\\/free-calculator\\\/\",\"url\":\"https:\\\/\\\/likealights.com\\\/free-calculator\\\/\",\"name\":\"Free Google Ads Calculator | ROAS & Max CPC Tool\",\"isPartOf\":{\"@id\":\"https:\\\/\\\/likealights.com\\\/#website\"},\"primaryImageOfPage\":{\"@id\":\"https:\\\/\\\/likealights.com\\\/free-calculator\\\/#primaryimage\"},\"image\":{\"@id\":\"https:\\\/\\\/likealights.com\\\/free-calculator\\\/#primaryimage\"},\"thumbnailUrl\":\"https:\\\/\\\/likealights.com\\\/wp-content\\\/plugins\\\/wpforms-lite\\\/assets\\\/images\\\/submit-spin.svg\",\"datePublished\":\"2025-10-30T10:53:39+00:00\",\"dateModified\":\"2026-02-28T10:36:16+00:00\",\"description\":\"Free Google Ads calculator to calculate ROAS, Max CPC bid and breakeven ROAS. Download your professional PPC calculator and optimize campaign\",\"breadcrumb\":{\"@id\":\"https:\\\/\\\/likealights.com\\\/free-calculator\\\/#breadcrumb\"},\"inLanguage\":\"cs\",\"potentialAction\":[{\"@type\":\"ReadAction\",\"target\":[\"https:\\\/\\\/likealights.com\\\/free-calculator\\\/\"]}]},{\"@type\":\"ImageObject\",\"inLanguage\":\"cs\",\"@id\":\"https:\\\/\\\/likealights.com\\\/free-calculator\\\/#primaryimage\",\"url\":\"https:\\\/\\\/likealights.com\\\/wp-content\\\/plugins\\\/wpforms-lite\\\/assets\\\/images\\\/submit-spin.svg\",\"contentUrl\":\"https:\\\/\\\/likealights.com\\\/wp-content\\\/plugins\\\/wpforms-lite\\\/assets\\\/images\\\/submit-spin.svg\"},{\"@type\":\"BreadcrumbList\",\"@id\":\"https:\\\/\\\/likealights.com\\\/free-calculator\\\/#breadcrumb\",\"itemListElement\":[{\"@type\":\"ListItem\",\"position\":1,\"name\":\"Home\",\"item\":\"https:\\\/\\\/likealights.com\\\/\"},{\"@type\":\"ListItem\",\"position\":2,\"name\":\"Free Calculator\"}]},{\"@type\":\"WebSite\",\"@id\":\"https:\\\/\\\/likealights.com\\\/#website\",\"url\":\"https:\\\/\\\/likealights.com\\\/\",\"name\":\"Like a Lights\",\"description\":\"Google Ads a Email Marketing Agency\",\"publisher\":{\"@id\":\"https:\\\/\\\/likealights.com\\\/#organization\"},\"potentialAction\":[{\"@type\":\"SearchAction\",\"target\":{\"@type\":\"EntryPoint\",\"urlTemplate\":\"https:\\\/\\\/likealights.com\\\/?s={search_term_string}\"},\"query-input\":{\"@type\":\"PropertyValueSpecification\",\"valueRequired\":true,\"valueName\":\"search_term_string\"}}],\"inLanguage\":\"cs\"},{\"@type\":\"Organization\",\"@id\":\"https:\\\/\\\/likealights.com\\\/#organization\",\"name\":\"Like a Lights\",\"url\":\"https:\\\/\\\/likealights.com\\\/\",\"logo\":{\"@type\":\"ImageObject\",\"inLanguage\":\"cs\",\"@id\":\"https:\\\/\\\/likealights.com\\\/#\\\/schema\\\/logo\\\/image\\\/\",\"url\":\"https:\\\/\\\/likealights.com\\\/wp-content\\\/uploads\\\/2024\\\/01\\\/qhqpuqsm.png\",\"contentUrl\":\"https:\\\/\\\/likealights.com\\\/wp-content\\\/uploads\\\/2024\\\/01\\\/qhqpuqsm.png\",\"width\":500,\"height\":500,\"caption\":\"Like a Lights\"},\"image\":{\"@id\":\"https:\\\/\\\/likealights.com\\\/#\\\/schema\\\/logo\\\/image\\\/\"},\"sameAs\":[\"https:\\\/\\\/www.facebook.com\\\/profile.php?id=61556518541469\",\"https:\\\/\\\/www.instagram.com\\\/likealightsagency\\\/\"]}]}<\/script>\n<!-- \/ Yoast SEO plugin. -->","yoast_head_json":{"title":"Free Google Ads Calculator | ROAS & Max CPC Tool","description":"Free Google Ads calculator to calculate ROAS, Max CPC bid and breakeven ROAS. Download your professional PPC calculator and optimize campaign","robots":{"index":"index","follow":"follow","max-snippet":"max-snippet:-1","max-image-preview":"max-image-preview:large","max-video-preview":"max-video-preview:-1"},"canonical":"https:\/\/likealights.com\/cs\/free-calculator\/","og_locale":"cs_CZ","og_type":"article","og_title":"Free Google Ads Calculator | ROAS & Max CPC Tool","og_description":"Free Google Ads calculator to calculate ROAS, Max CPC bid and breakeven ROAS. Download your professional PPC calculator and optimize campaign","og_url":"https:\/\/likealights.com\/cs\/free-calculator\/","og_site_name":"Like a Lights","article_publisher":"https:\/\/www.facebook.com\/profile.php?id=61556518541469","article_modified_time":"2026-02-28T10:36:16+00:00","og_image":[{"url":"https:\/\/likealights.com\/wp-content\/plugins\/wpforms-lite\/assets\/images\/submit-spin.svg","type":"","width":"","height":""}],"twitter_card":"summary_large_image","twitter_misc":{"Odhadovan\u00e1 doba \u010dten\u00ed":"1 minuta"},"schema":{"@context":"https:\/\/schema.org","@graph":[{"@type":"WebPage","@id":"https:\/\/likealights.com\/free-calculator\/","url":"https:\/\/likealights.com\/free-calculator\/","name":"Free Google Ads Calculator | ROAS & Max CPC Tool","isPartOf":{"@id":"https:\/\/likealights.com\/#website"},"primaryImageOfPage":{"@id":"https:\/\/likealights.com\/free-calculator\/#primaryimage"},"image":{"@id":"https:\/\/likealights.com\/free-calculator\/#primaryimage"},"thumbnailUrl":"https:\/\/likealights.com\/wp-content\/plugins\/wpforms-lite\/assets\/images\/submit-spin.svg","datePublished":"2025-10-30T10:53:39+00:00","dateModified":"2026-02-28T10:36:16+00:00","description":"Free Google Ads calculator to calculate ROAS, Max CPC bid and breakeven ROAS. Download your professional PPC calculator and optimize campaign","breadcrumb":{"@id":"https:\/\/likealights.com\/free-calculator\/#breadcrumb"},"inLanguage":"cs","potentialAction":[{"@type":"ReadAction","target":["https:\/\/likealights.com\/free-calculator\/"]}]},{"@type":"ImageObject","inLanguage":"cs","@id":"https:\/\/likealights.com\/free-calculator\/#primaryimage","url":"https:\/\/likealights.com\/wp-content\/plugins\/wpforms-lite\/assets\/images\/submit-spin.svg","contentUrl":"https:\/\/likealights.com\/wp-content\/plugins\/wpforms-lite\/assets\/images\/submit-spin.svg"},{"@type":"BreadcrumbList","@id":"https:\/\/likealights.com\/free-calculator\/#breadcrumb","itemListElement":[{"@type":"ListItem","position":1,"name":"Home","item":"https:\/\/likealights.com\/"},{"@type":"ListItem","position":2,"name":"Free Calculator"}]},{"@type":"WebSite","@id":"https:\/\/likealights.com\/#website","url":"https:\/\/likealights.com\/","name":"Like a Lights","description":"Google Ads a Email Marketing Agency","publisher":{"@id":"https:\/\/likealights.com\/#organization"},"potentialAction":[{"@type":"SearchAction","target":{"@type":"EntryPoint","urlTemplate":"https:\/\/likealights.com\/?s={search_term_string}"},"query-input":{"@type":"PropertyValueSpecification","valueRequired":true,"valueName":"search_term_string"}}],"inLanguage":"cs"},{"@type":"Organization","@id":"https:\/\/likealights.com\/#organization","name":"Like a Lights","url":"https:\/\/likealights.com\/","logo":{"@type":"ImageObject","inLanguage":"cs","@id":"https:\/\/likealights.com\/#\/schema\/logo\/image\/","url":"https:\/\/likealights.com\/wp-content\/uploads\/2024\/01\/qhqpuqsm.png","contentUrl":"https:\/\/likealights.com\/wp-content\/uploads\/2024\/01\/qhqpuqsm.png","width":500,"height":500,"caption":"Like a Lights"},"image":{"@id":"https:\/\/likealights.com\/#\/schema\/logo\/image\/"},"sameAs":["https:\/\/www.facebook.com\/profile.php?id=61556518541469","https:\/\/www.instagram.com\/likealightsagency\/"]}]}},"featured_media_urls":[],"rttpg_featured_image_url":null,"rttpg_author":{"display_name":"stanislav talafous","author_link":"https:\/\/likealights.com\/cs\/author\/stanislav-talafous\/"},"rttpg_comment":0,"rttpg_category":null,"rttpg_excerpt":"Free Calculator You need to calculate some stuff?? To get your free professional Google Ads Calculator, please fill out the form below. Please enable JavaScript in your browser to complete this form.Please enable JavaScript in your browser to complete this form. Name * FirstLast Email * Marketing email consent Please check here to join our&hellip;","_links":{"self":[{"href":"https:\/\/likealights.com\/cs\/wp-json\/wp\/v2\/pages\/830","targetHints":{"allow":["GET"]}}],"collection":[{"href":"https:\/\/likealights.com\/cs\/wp-json\/wp\/v2\/pages"}],"about":[{"href":"https:\/\/likealights.com\/cs\/wp-json\/wp\/v2\/types\/page"}],"author":[{"embeddable":true,"href":"https:\/\/likealights.com\/cs\/wp-json\/wp\/v2\/users\/1234567"}],"replies":[{"embeddable":true,"href":"https:\/\/likealights.com\/cs\/wp-json\/wp\/v2\/comments?post=830"}],"version-history":[{"count":34,"href":"https:\/\/likealights.com\/cs\/wp-json\/wp\/v2\/pages\/830\/revisions"}],"predecessor-version":[{"id":1371,"href":"https:\/\/likealights.com\/cs\/wp-json\/wp\/v2\/pages\/830\/revisions\/1371"}],"wp:attachment":[{"href":"https:\/\/likealights.com\/cs\/wp-json\/wp\/v2\/media?parent=830"}],"curies":[{"name":"wp","href":"https:\/\/api.w.org\/{rel}","templated":true}]}}